{"id":10137,"date":"2025-05-24T20:13:30","date_gmt":"2025-05-24T18:13:30","guid":{"rendered":"https:\/\/nett.pro\/?page_id=10137"},"modified":"2025-05-24T21:06:17","modified_gmt":"2025-05-24T19:06:17","slug":"kontakt","status":"publish","type":"page","link":"https:\/\/nett.pro\/en\/kontakt\/","title":{"rendered":"Contact"},"content":{"rendered":"\t\t<div data-elementor-type=\"wp-page\" data-elementor-id=\"10137\" class=\"elementor elementor-10137\">\n\t\t\t\t<div class=\"elementor-element elementor-element-b46dc70 e-flex e-con-boxed e-con e-parent\" data-id=\"b46dc70\" data-element_type=\"container\" data-e-type=\"container\">\n\t\t\t\t\t<div class=\"e-con-inner\">\n\t\t\t\t<div class=\"elementor-element elementor-element-bbed9f8 elementor-widget elementor-widget-heading\" data-id=\"bbed9f8\" data-element_type=\"widget\" data-e-type=\"widget\" data-widget_type=\"heading.default\">\n\t\t\t\t<div class=\"elementor-widget-container\">\n\t\t\t\t\t<h2 class=\"elementor-heading-title elementor-size-default\">Kontakt oss<\/h2>\t\t\t\t<\/div>\n\t\t\t\t<\/div>\n\t\t\t\t<div class=\"elementor-element elementor-element-8d45380 elementor-widget elementor-widget-text-editor\" data-id=\"8d45380\" data-element_type=\"widget\" data-e-type=\"widget\" data-widget_type=\"text-editor.default\">\n\t\t\t\t<div class=\"elementor-widget-container\">\n\t\t\t\t\t\t\t\t\t<p>Klikk p\u00e5 \u00f8nsket valg under og skriv gjerne noen ord om hva du \u00f8nsker, s\u00e5 kommer vi tilbake til deg s\u00e5 raskt det lar seg gj\u00f8re.<\/p>\t\t\t\t\t\t\t\t<\/div>\n\t\t\t\t<\/div>\n\t\t\t\t<div class=\"elementor-element elementor-element-72cc638 elementor-widget elementor-widget-wpforms\" data-id=\"72cc638\" data-element_type=\"widget\" data-e-type=\"widget\" data-widget_type=\"wpforms.default\">\n\t\t\t\t<div class=\"elementor-widget-container\">\n\t\t\t\t\t<div class=\"wpforms-container wpforms-container-full wpforms-render-modern\" id=\"wpforms-6988\"><form id=\"wpforms-form-6988\" class=\"wpforms-validate wpforms-form wpforms-ajax-form\" data-formid=\"6988\" method=\"post\" enctype=\"multipart\/form-data\" action=\"\/en\/wp-json\/wp\/v2\/pages\/10137\" data-token=\"cc7340c78c99bf32e2b5626e2499174a\" data-token-time=\"1777136348\"><noscript class=\"wpforms-error-noscript\">Please enable JavaScript in your browser to complete this form.<\/noscript><div id=\"wpforms-error-noscript\" style=\"display: none;\">Please enable JavaScript in your browser to complete this form.<\/div><div class=\"wpforms-field-container\"><div id=\"wpforms-6988-field_3-container\" class=\"wpforms-field wpforms-field-radio wpforms-list-inline\" data-field-id=\"3\"><fieldset><legend class=\"wpforms-field-label wpforms-label-hide\" aria-hidden=\"false\">wpforms-image-choices-item<\/legend><ul id=\"wpforms-6988-field_3\" class=\"wpforms-image-choices wpforms-image-choices-modern\"><li class=\"choice-1 depth-1 wpforms-image-choices-item\"><label class=\"wpforms-field-label-inline\" for=\"wpforms-6988-field_3_1\" tabindex=\"0\"><span class=\"wpforms-image-choices-image\"><img decoding=\"async\" src=\"https:\/\/nett.pro\/wp-content\/uploads\/2025\/05\/hjemmeside-for-norsk-firma-laptop.webp\" alt=\"Hjemmeside\/ Nettside\" title=\"Hjemmeside\/ Nettside\"><\/span><input type=\"radio\" id=\"wpforms-6988-field_3_1\" class=\"wpforms-screen-reader-element\" name=\"wpforms[fields][3]\" value=\"Hjemmeside\/ Nettside\" aria-errormessage=\"wpforms-6988-field_3_1-error\" tabindex=\"-1\"  ><span class=\"wpforms-image-choices-label\">Hjemmeside\/ Nettside<\/span><\/label><\/li><li class=\"choice-2 depth-1 wpforms-image-choices-item\"><label class=\"wpforms-field-label-inline\" for=\"wpforms-6988-field_3_2\" tabindex=\"0\"><span class=\"wpforms-image-choices-image\"><img decoding=\"async\" src=\"https:\/\/nett.pro\/wp-content\/uploads\/2025\/05\/Smartphone-with-shopping-cart-hjemmeside.webp\" alt=\"Nettbutikk med Vipps++\" title=\"Nettbutikk med Vipps++\"><\/span><input type=\"radio\" id=\"wpforms-6988-field_3_2\" class=\"wpforms-screen-reader-element\" name=\"wpforms[fields][3]\" value=\"Nettbutikk med Vipps++\" aria-errormessage=\"wpforms-6988-field_3_2-error\" tabindex=\"-1\"  ><span class=\"wpforms-image-choices-label\">Nettbutikk med Vipps++<\/span><\/label><\/li><li class=\"choice-5 depth-1 wpforms-image-choices-item\"><label class=\"wpforms-field-label-inline\" for=\"wpforms-6988-field_3_5\" tabindex=\"0\"><span class=\"wpforms-image-choices-image\"><img decoding=\"async\" src=\"https:\/\/nett.pro\/wp-content\/uploads\/2025\/05\/finne-artikkel-forfatter-i-Norge.webp\" alt=\"Artikkel\" title=\"Artikkel\"><\/span><input type=\"radio\" id=\"wpforms-6988-field_3_5\" class=\"wpforms-screen-reader-element\" name=\"wpforms[fields][3]\" value=\"Artikkel\" aria-errormessage=\"wpforms-6988-field_3_5-error\" tabindex=\"-1\"  ><span class=\"wpforms-image-choices-label\">Artikkel<\/span><\/label><\/li><li class=\"choice-6 depth-1 wpforms-image-choices-item\"><label class=\"wpforms-field-label-inline\" for=\"wpforms-6988-field_3_6\" tabindex=\"0\"><span class=\"wpforms-image-choices-image\"><img decoding=\"async\" src=\"https:\/\/nett.pro\/wp-content\/uploads\/2025\/05\/skreddersydd-programvare-for-bedirft-og-firma.webp\" alt=\"Programvare\" title=\"Programvare\"><\/span><input type=\"radio\" id=\"wpforms-6988-field_3_6\" class=\"wpforms-screen-reader-element\" name=\"wpforms[fields][3]\" value=\"Programvare\" aria-errormessage=\"wpforms-6988-field_3_6-error\" tabindex=\"-1\"  ><span class=\"wpforms-image-choices-label\">Programvare<\/span><\/label><\/li><\/ul><\/fieldset><\/div><div id=\"wpforms-6988-field_0-container\" class=\"wpforms-field wpforms-field-name wpforms-one-half wpforms-first\" data-field-id=\"0\"><label class=\"wpforms-field-label\" for=\"wpforms-6988-field_0\">Navn <span class=\"wpforms-required-label\" aria-hidden=\"true\">*<\/span><\/label><input type=\"text\" id=\"wpforms-6988-field_0\" class=\"wpforms-field-large wpforms-field-required\" name=\"wpforms[fields][0]\" aria-errormessage=\"wpforms-6988-field_0-error\" required><\/div><div id=\"wpforms-6988-field_1-container\" class=\"wpforms-field wpforms-field-email wpforms-one-half\" data-field-id=\"1\"><label class=\"wpforms-field-label\" for=\"wpforms-6988-field_1\">E-post <span class=\"wpforms-required-label\" aria-hidden=\"true\">*<\/span><\/label><input type=\"email\" id=\"wpforms-6988-field_1\" class=\"wpforms-field-large wpforms-field-required\" name=\"wpforms[fields][1]\" spellcheck=\"false\" aria-errormessage=\"wpforms-6988-field_1-error\" required><\/div><div id=\"wpforms-6988-field_2-container\" class=\"wpforms-field wpforms-field-textarea\" data-field-id=\"2\"><label class=\"wpforms-field-label\" for=\"wpforms-6988-field_2\">Beskjed<\/label><textarea id=\"wpforms-6988-field_2\" class=\"wpforms-field-medium\" name=\"wpforms[fields][2]\" placeholder=\"Har du noe beskjed utover valget over, skriv det her. Her kan du ogs\u00e5 skrive om du har noen spesielle \u00f8nsker. \" aria-errormessage=\"wpforms-6988-field_2-error\" ><\/textarea><\/div><\/div><!-- .wpforms-field-container --><div class=\"wpforms-submit-container\" ><input type=\"hidden\" name=\"wpforms[id]\" value=\"6988\"><input type=\"hidden\" name=\"page_title\" value=\"\"><input type=\"hidden\" name=\"page_url\" value=\"https:\/\/nett.pro\/en\/wp-json\/wp\/v2\/pages\/10137\"><input type=\"hidden\" name=\"url_referer\" value=\"\"><button type=\"submit\" name=\"wpforms[submit]\" id=\"wpforms-submit-6988\" class=\"wpforms-submit\" data-alt-text=\"Sender...\" data-submit-text=\"Send inn\" aria-live=\"assertive\" value=\"wpforms-submit\">Send inn<\/button><img decoding=\"async\" src=\"https:\/\/nett.pro\/wp-content\/plugins\/wpforms-lite\/assets\/images\/submit-spin.svg\" class=\"wpforms-submit-spinner\" style=\"display: none;\" width=\"26\" height=\"26\" alt=\"Loading\"><\/div><\/form><\/div>  <!-- .wpforms-container -->\t\t\t\t<\/div>\n\t\t\t\t<\/div>\n\t\t\t\t\t<\/div>\n\t\t\t\t<\/div>\n\t\t<div class=\"elementor-element elementor-element-6dba783 e-flex e-con-boxed e-con e-parent\" data-id=\"6dba783\" data-element_type=\"container\" data-e-type=\"container\">\n\t\t\t\t\t<div class=\"e-con-inner\">\n\t\t\t\t\t<\/div>\n\t\t\t\t<\/div>\n\t\t\t\t<\/div>\n\t\t","protected":false},"excerpt":{"rendered":"<p>Kontakt oss Klikk p\u00e5 \u00f8nsket valg under og skriv gjerne noen ord om hva du \u00f8nsker, s\u00e5 kommer vi tilbake til deg s\u00e5 raskt det lar seg gj\u00f8re. Please enable JavaScript in your browser to complete this form.Please enable JavaScript in your browser to complete this form. wpforms-image-choices-item Hjemmeside for bedrift Nettbutikk med Vipps++ Blogg, [&hellip;]<\/p>\n","protected":false},"author":1,"featured_media":0,"parent":0,"menu_order":0,"comment_status":"closed","ping_status":"closed","template":"elementor_header_footer","meta":{"footnotes":""},"class_list":["post-10137","page","type-page","status-publish","hentry"],"yoast_head":"<!-- This site is optimized with the Yoast SEO plugin v27.4 - https:\/\/yoast.com\/product\/yoast-seo-wordpress\/ -->\n<title>kontakt - NETT.PRO<\/title>\n<meta name=\"description\" content=\"Ta kontakt med oss om du \u00f8nsker hjelp til \u00e5 lage deg en ny hjemmeside, nettsider, nettbutikk eller programvare.\" \/>\n<meta name=\"robots\" content=\"index, follow, max-snippet:-1, max-image-preview:large, max-video-preview:-1\" \/>\n<link rel=\"canonical\" href=\"https:\/\/nett.pro\/en\/kontakt\/\" \/>\n<meta property=\"og:locale\" content=\"en_US\" \/>\n<meta property=\"og:type\" content=\"article\" \/>\n<meta property=\"og:title\" content=\"kontakt - NETT.PRO\" \/>\n<meta property=\"og:description\" content=\"Ta kontakt med oss om du \u00f8nsker hjelp til \u00e5 lage deg en ny hjemmeside, nettsider, nettbutikk eller programvare.\" \/>\n<meta property=\"og:url\" content=\"https:\/\/nett.pro\/en\/kontakt\/\" \/>\n<meta property=\"og:site_name\" content=\"NETT.PRO\" \/>\n<meta property=\"article:modified_time\" content=\"2025-05-24T19:06:17+00:00\" \/>\n<meta property=\"og:image\" content=\"https:\/\/nett.pro\/wp-content\/uploads\/2025\/05\/hjemmeside-for-norsk-firma-laptop.webp\" \/>\n<meta name=\"twitter:card\" content=\"summary_large_image\" \/>\n<meta name=\"twitter:label1\" content=\"Est. reading time\" \/>\n\t<meta name=\"twitter:data1\" content=\"1 minute\" \/>\n<script type=\"application\/ld+json\" class=\"yoast-schema-graph\">{\"@context\":\"https:\\\/\\\/schema.org\",\"@graph\":[{\"@type\":\"WebPage\",\"@id\":\"https:\\\/\\\/nett.pro\\\/kontakt\\\/\",\"url\":\"https:\\\/\\\/nett.pro\\\/kontakt\\\/\",\"name\":\"kontakt - NETT.PRO\",\"isPartOf\":{\"@id\":\"https:\\\/\\\/nett.pro\\\/#website\"},\"primaryImageOfPage\":{\"@id\":\"https:\\\/\\\/nett.pro\\\/kontakt\\\/#primaryimage\"},\"image\":{\"@id\":\"https:\\\/\\\/nett.pro\\\/kontakt\\\/#primaryimage\"},\"thumbnailUrl\":\"https:\\\/\\\/nett.pro\\\/wp-content\\\/uploads\\\/2025\\\/05\\\/hjemmeside-for-norsk-firma-laptop.webp\",\"datePublished\":\"2025-05-24T18:13:30+00:00\",\"dateModified\":\"2025-05-24T19:06:17+00:00\",\"description\":\"Ta kontakt med oss om du \u00f8nsker hjelp til \u00e5 lage deg en ny hjemmeside, nettsider, nettbutikk eller programvare.\",\"breadcrumb\":{\"@id\":\"https:\\\/\\\/nett.pro\\\/kontakt\\\/#breadcrumb\"},\"inLanguage\":\"en-US\",\"potentialAction\":[{\"@type\":\"ReadAction\",\"target\":[\"https:\\\/\\\/nett.pro\\\/kontakt\\\/\"]}]},{\"@type\":\"ImageObject\",\"inLanguage\":\"en-US\",\"@id\":\"https:\\\/\\\/nett.pro\\\/kontakt\\\/#primaryimage\",\"url\":\"https:\\\/\\\/nett.pro\\\/wp-content\\\/uploads\\\/2025\\\/05\\\/hjemmeside-for-norsk-firma-laptop.webp\",\"contentUrl\":\"https:\\\/\\\/nett.pro\\\/wp-content\\\/uploads\\\/2025\\\/05\\\/hjemmeside-for-norsk-firma-laptop.webp\"},{\"@type\":\"BreadcrumbList\",\"@id\":\"https:\\\/\\\/nett.pro\\\/kontakt\\\/#breadcrumb\",\"itemListElement\":[{\"@type\":\"ListItem\",\"position\":1,\"name\":\"Velkommen\",\"item\":\"https:\\\/\\\/nett.pro\\\/\"},{\"@type\":\"ListItem\",\"position\":2,\"name\":\"kontakt\"}]},{\"@type\":\"WebSite\",\"@id\":\"https:\\\/\\\/nett.pro\\\/#website\",\"url\":\"https:\\\/\\\/nett.pro\\\/\",\"name\":\"NETT.PRO\",\"description\":\"Nettsider til firma og privatpersoner\",\"publisher\":{\"@id\":\"https:\\\/\\\/nett.pro\\\/#organization\"},\"potentialAction\":[{\"@type\":\"SearchAction\",\"target\":{\"@type\":\"EntryPoint\",\"urlTemplate\":\"https:\\\/\\\/nett.pro\\\/?s={search_term_string}\"},\"query-input\":{\"@type\":\"PropertyValueSpecification\",\"valueRequired\":true,\"valueName\":\"search_term_string\"}}],\"inLanguage\":\"en-US\"},{\"@type\":\"Organization\",\"@id\":\"https:\\\/\\\/nett.pro\\\/#organization\",\"name\":\"NETT.PRO\",\"url\":\"https:\\\/\\\/nett.pro\\\/\",\"logo\":{\"@type\":\"ImageObject\",\"inLanguage\":\"en-US\",\"@id\":\"https:\\\/\\\/nett.pro\\\/#\\\/schema\\\/logo\\\/image\\\/\",\"url\":\"\",\"contentUrl\":\"\",\"caption\":\"NETT.PRO\"},\"image\":{\"@id\":\"https:\\\/\\\/nett.pro\\\/#\\\/schema\\\/logo\\\/image\\\/\"}}]}<\/script>\n<!-- \/ Yoast SEO plugin. -->","yoast_head_json":{"title":"kontakt - NETT.PRO","description":"Ta kontakt med oss om du \u00f8nsker hjelp til \u00e5 lage deg en ny hjemmeside, nettsider, nettbutikk eller programvare.","robots":{"index":"index","follow":"follow","max-snippet":"max-snippet:-1","max-image-preview":"max-image-preview:large","max-video-preview":"max-video-preview:-1"},"canonical":"https:\/\/nett.pro\/en\/kontakt\/","og_locale":"en_US","og_type":"article","og_title":"kontakt - NETT.PRO","og_description":"Ta kontakt med oss om du \u00f8nsker hjelp til \u00e5 lage deg en ny hjemmeside, nettsider, nettbutikk eller programvare.","og_url":"https:\/\/nett.pro\/en\/kontakt\/","og_site_name":"NETT.PRO","article_modified_time":"2025-05-24T19:06:17+00:00","og_image":[{"url":"https:\/\/nett.pro\/wp-content\/uploads\/2025\/05\/hjemmeside-for-norsk-firma-laptop.webp","type":"","width":"","height":""}],"twitter_card":"summary_large_image","twitter_misc":{"Est. reading time":"1 minute"},"schema":{"@context":"https:\/\/schema.org","@graph":[{"@type":"WebPage","@id":"https:\/\/nett.pro\/kontakt\/","url":"https:\/\/nett.pro\/kontakt\/","name":"kontakt - NETT.PRO","isPartOf":{"@id":"https:\/\/nett.pro\/#website"},"primaryImageOfPage":{"@id":"https:\/\/nett.pro\/kontakt\/#primaryimage"},"image":{"@id":"https:\/\/nett.pro\/kontakt\/#primaryimage"},"thumbnailUrl":"https:\/\/nett.pro\/wp-content\/uploads\/2025\/05\/hjemmeside-for-norsk-firma-laptop.webp","datePublished":"2025-05-24T18:13:30+00:00","dateModified":"2025-05-24T19:06:17+00:00","description":"Ta kontakt med oss om du \u00f8nsker hjelp til \u00e5 lage deg en ny hjemmeside, nettsider, nettbutikk eller programvare.","breadcrumb":{"@id":"https:\/\/nett.pro\/kontakt\/#breadcrumb"},"inLanguage":"en-US","potentialAction":[{"@type":"ReadAction","target":["https:\/\/nett.pro\/kontakt\/"]}]},{"@type":"ImageObject","inLanguage":"en-US","@id":"https:\/\/nett.pro\/kontakt\/#primaryimage","url":"https:\/\/nett.pro\/wp-content\/uploads\/2025\/05\/hjemmeside-for-norsk-firma-laptop.webp","contentUrl":"https:\/\/nett.pro\/wp-content\/uploads\/2025\/05\/hjemmeside-for-norsk-firma-laptop.webp"},{"@type":"BreadcrumbList","@id":"https:\/\/nett.pro\/kontakt\/#breadcrumb","itemListElement":[{"@type":"ListItem","position":1,"name":"Velkommen","item":"https:\/\/nett.pro\/"},{"@type":"ListItem","position":2,"name":"kontakt"}]},{"@type":"WebSite","@id":"https:\/\/nett.pro\/#website","url":"https:\/\/nett.pro\/","name":"NETT.PRO","description":"Nettsider til firma og privatpersoner","publisher":{"@id":"https:\/\/nett.pro\/#organization"},"potentialAction":[{"@type":"SearchAction","target":{"@type":"EntryPoint","urlTemplate":"https:\/\/nett.pro\/?s={search_term_string}"},"query-input":{"@type":"PropertyValueSpecification","valueRequired":true,"valueName":"search_term_string"}}],"inLanguage":"en-US"},{"@type":"Organization","@id":"https:\/\/nett.pro\/#organization","name":"NETT.PRO","url":"https:\/\/nett.pro\/","logo":{"@type":"ImageObject","inLanguage":"en-US","@id":"https:\/\/nett.pro\/#\/schema\/logo\/image\/","url":"","contentUrl":"","caption":"NETT.PRO"},"image":{"@id":"https:\/\/nett.pro\/#\/schema\/logo\/image\/"}}]}},"_links":{"self":[{"href":"https:\/\/nett.pro\/en\/wp-json\/wp\/v2\/pages\/10137","targetHints":{"allow":["GET"]}}],"collection":[{"href":"https:\/\/nett.pro\/en\/wp-json\/wp\/v2\/pages"}],"about":[{"href":"https:\/\/nett.pro\/en\/wp-json\/wp\/v2\/types\/page"}],"author":[{"embeddable":true,"href":"https:\/\/nett.pro\/en\/wp-json\/wp\/v2\/users\/1"}],"replies":[{"embeddable":true,"href":"https:\/\/nett.pro\/en\/wp-json\/wp\/v2\/comments?post=10137"}],"version-history":[{"count":16,"href":"https:\/\/nett.pro\/en\/wp-json\/wp\/v2\/pages\/10137\/revisions"}],"predecessor-version":[{"id":10175,"href":"https:\/\/nett.pro\/en\/wp-json\/wp\/v2\/pages\/10137\/revisions\/10175"}],"wp:attachment":[{"href":"https:\/\/nett.pro\/en\/wp-json\/wp\/v2\/media?parent=10137"}],"curies":[{"name":"wp","href":"https:\/\/api.w.org\/{rel}","templated":true}]}}