{"id":10290,"date":"2025-10-06T19:52:36","date_gmt":"2025-10-06T17:52:36","guid":{"rendered":"https:\/\/nett.pro\/?page_id=10290"},"modified":"2025-11-14T12:34:23","modified_gmt":"2025-11-14T11:34:23","slug":"clienthub","status":"publish","type":"page","link":"https:\/\/nett.pro\/en\/clienthub\/","title":{"rendered":"ClientHub Premium"},"content":{"rendered":"\t\t<div data-elementor-type=\"wp-page\" data-elementor-id=\"10290\" class=\"elementor elementor-10290\">\n\t\t\t\t<div class=\"elementor-element elementor-element-55c171f e-flex e-con-boxed e-con e-parent\" data-id=\"55c171f\" data-element_type=\"container\" data-e-type=\"container\" data-settings=\"{&quot;background_background&quot;:&quot;gradient&quot;}\">\n\t\t\t\t\t<div class=\"e-con-inner\">\n\t\t\t\t<div class=\"elementor-element elementor-element-f9ef3d2 premium-header-inline premium-lq__none premium-box-lq__none elementor-widget elementor-widget-premium-addon-dual-header\" data-id=\"f9ef3d2\" data-element_type=\"widget\" data-e-type=\"widget\" data-widget_type=\"premium-addon-dual-header.default\">\n\t\t\t\t\t\n\t\t<div class=\"elementor-widget-container\">\n\t\t\t\t\t<h2 class=\"premium-dual-header-first-header \"><span class=\"premium-dual-header-first-span\">ClientHub <\/span><span class=\"premium-dual-header-second-header \">PREMIUM<\/span><\/h2> \t\t\t\t<\/div>\n\n\t\t\t\t\t\t<\/div>\n\t\t\t\t<div class=\"elementor-element elementor-element-534fc40 animated-slow elementor-widget elementor-widget-text-editor\" data-id=\"534fc40\" data-element_type=\"widget\" data-e-type=\"widget\" data-settings=\"{&quot;_animation&quot;:&quot;none&quot;,&quot;_animation_delay&quot;:400}\" data-widget_type=\"text-editor.default\">\n\t\t\t\t<div class=\"elementor-widget-container\">\n\t\t\t\t\t\t\t\t\t<p>Den komplette l\u00f8sningen for nettbyr\u00e5er som vil automatisere kundeoppf\u00f8lging, fakturaer og rapportering.<\/p><p class=\"my-2 [&amp;+p]:mt-4 [&amp;_strong:has(+br)]:inline-block [&amp;_strong:has(+br)]:pb-2\">ClientHub Premium utvider gratisversjonen med kraftige forretningsfunksjoner designet spesielt for norske byr\u00e5er og frilansere:<\/p><p class=\"my-2 [&amp;+p]:mt-4 [&amp;_strong:has(+br)]:inline-block [&amp;_strong:has(+br)]:pb-2\"><strong>\u2713 Profesjonelle tilbud og fakturaer<\/strong><br \/>Generer MVA-kompatible fakturaer direkte fra prosjekter. Integrasjon med Vipps, Stripe og PayPal.<\/p><p class=\"my-2 [&amp;+p]:mt-4 [&amp;_strong:has(+br)]:inline-block [&amp;_strong:has(+br)]:pb-2\"><strong>\u2713 Avansert rapportering<\/strong><br \/>Spor l\u00f8nnsomhet per kunde, prosjekt\u00f8konomi og betalingsanalyse \u2013 alt i ett dashbord.<\/p><p class=\"my-2 [&amp;+p]:mt-4 [&amp;_strong:has(+br)]:inline-block [&amp;_strong:has(+br)]:pb-2\"><strong>\u2713 Automatisk e-postvarsling<\/strong><br \/>P\u00e5minnelser om betalinger, prosjektoppdateringer og kundeaktivitet \u2013 helt automatisk.<\/p><p class=\"my-2 [&amp;+p]:mt-4 [&amp;_strong:has(+br)]:inline-block [&amp;_strong:has(+br)]:pb-2\"><strong>\u2713 Norsk tilpasning<\/strong><br \/>MVA-formatering, Br\u00f8nn\u00f8ysundregistrene-integrasjon, og norske betalingsl\u00f8sninger innebygd.<\/p><p><strong>\u2713\u00a0Fildeling Og Dokumenth\u00e5ndtering<br \/><\/strong>Del filer sikkert med klienter. Versjonskontroll, godkjenningsarbeidsflyter og organisert lagring etter prosjekt.<strong><br \/><\/strong><\/p><p class=\"my-2 [&amp;+p]:mt-4 [&amp;_strong:has(+br)]:inline-block [&amp;_strong:has(+br)]:pb-2\"><strong>\u2713 Prioritert support<\/strong><br \/>Direkte e-posthjelp, prioriterte feilrettinger, og hjelp med oppsett.<\/p>\t\t\t\t\t\t\t\t<\/div>\n\t\t\t\t<\/div>\n\t\t\t\t<div class=\"elementor-element elementor-element-51fe6d0 premium-header-inline premium-lq__none premium-box-lq__none elementor-widget elementor-widget-premium-addon-dual-header\" data-id=\"51fe6d0\" data-element_type=\"widget\" data-e-type=\"widget\" data-widget_type=\"premium-addon-dual-header.default\">\n\t\t\t\t\t\n\t\t<div class=\"elementor-widget-container\">\n\t\t\t\t\t<h2 class=\"premium-dual-header-first-header \"><span class=\"premium-dual-header-first-span\">Eksklusivt tilbud <\/span><span class=\"premium-dual-header-second-header \">for tidlige brukere<\/span><\/h2> \t\t\t\t<\/div>\n\n\t\t\t\t\t\t<\/div>\n\t\t\t\t<div class=\"elementor-element elementor-element-6fd1936 animated-slow elementor-widget elementor-widget-text-editor\" data-id=\"6fd1936\" data-element_type=\"widget\" data-e-type=\"widget\" data-settings=\"{&quot;_animation&quot;:&quot;none&quot;,&quot;_animation_delay&quot;:400}\" data-widget_type=\"text-editor.default\">\n\t\t\t\t<div class=\"elementor-widget-container\">\n\t\t\t\t\t\t\t\t\t<p class=\"my-2 [&amp;+p]:mt-4 [&amp;_strong:has(+br)]:inline-block [&amp;_strong:has(+br)]:pb-2\">Bli med p\u00e5 ventelisten n\u00e5 og f\u00e5:<\/p><p class=\"my-2 [&amp;+p]:mt-4 [&amp;_strong:has(+br)]:inline-block [&amp;_strong:has(+br)]:pb-2\"><strong>\u2713 50% rabatt f\u00f8rste \u00e5ret<\/strong>\u00a0(495 NOK i stedet for 990 NOK)<\/p><p class=\"my-2 [&amp;+p]:mt-4 [&amp;_strong:has(+br)]:inline-block [&amp;_strong:has(+br)]:pb-2\"><strong>\u2713 Livsvarig prioritert support<\/strong>\u00a0\u2013 selv etter f\u00f8rste \u00e5ret<\/p><p class=\"my-2 [&amp;+p]:mt-4 [&amp;_strong:has(+br)]:inline-block [&amp;_strong:has(+br)]:pb-2\"><strong>\u2713 Tidlig tilgang<\/strong>\u00a0f\u00f8r offisiell lansering<\/p><p class=\"my-2 [&amp;+p]:mt-4 [&amp;_strong:has(+br)]:inline-block [&amp;_strong:has(+br)]:pb-2\"><strong>\u2713 P\u00e5virk utviklingen<\/strong>\u00a0\u2013 dine tilbakemeldinger hjelper oss bygge akkurat de funksjonene du trenger<\/p>\t\t\t\t\t\t\t\t<\/div>\n\t\t\t\t<\/div>\n\t\t\t\t<div class=\"elementor-element elementor-element-673a7ff elementor-widget-divider--separator-type-pattern elementor-widget-divider--view-line elementor-widget elementor-widget-divider\" data-id=\"673a7ff\" data-element_type=\"widget\" data-e-type=\"widget\" data-widget_type=\"divider.default\">\n\t\t\t\t<div class=\"elementor-widget-container\">\n\t\t\t\t\t\t\t<div class=\"elementor-divider\" style=\"--divider-pattern-url: url(&quot;data:image\/svg+xml,%3Csvg xmlns=&#039;http:\/\/www.w3.org\/2000\/svg&#039; preserveAspectRatio=&#039;none&#039; overflow=&#039;visible&#039; height=&#039;100%&#039; viewBox=&#039;0 0 20 16&#039; fill=&#039;none&#039; stroke=&#039;black&#039; stroke-width=&#039;1&#039; stroke-linecap=&#039;square&#039; stroke-miterlimit=&#039;10&#039;%3E%3Cg transform=&#039;translate(-12.000000, 0)&#039;%3E%3Cpath d=&#039;M28,0L10,18&#039;\/%3E%3Cpath d=&#039;M18,0L0,18&#039;\/%3E%3Cpath d=&#039;M48,0L30,18&#039;\/%3E%3Cpath d=&#039;M38,0L20,18&#039;\/%3E%3C\/g%3E%3C\/svg%3E&quot;);\">\n\t\t\t<span class=\"elementor-divider-separator\">\n\t\t\t\t\t\t<\/span>\n\t\t<\/div>\n\t\t\t\t\t\t<\/div>\n\t\t\t\t<\/div>\n\t\t\t\t<div class=\"elementor-element elementor-element-f218b46 elementor-invisible elementor-widget elementor-widget-heading\" data-id=\"f218b46\" data-element_type=\"widget\" data-e-type=\"widget\" data-settings=\"{&quot;_animation&quot;:&quot;fadeInUp&quot;}\" data-widget_type=\"heading.default\">\n\t\t\t\t<div class=\"elementor-widget-container\">\n\t\t\t\t\t<h2 class=\"elementor-heading-title elementor-size-default\">Skriv deg p\u00e5 ventelisten n\u00e5!<\/h2>\t\t\t\t<\/div>\n\t\t\t\t<\/div>\n\t\t\t\t<div class=\"elementor-element elementor-element-e452dbb elementor-invisible elementor-widget elementor-widget-heading\" data-id=\"e452dbb\" data-element_type=\"widget\" data-e-type=\"widget\" data-settings=\"{&quot;_animation&quot;:&quot;bounceIn&quot;,&quot;_animation_delay&quot;:500}\" data-widget_type=\"heading.default\">\n\t\t\t\t<div class=\"elementor-widget-container\">\n\t\t\t\t\t<h2 class=\"elementor-heading-title elementor-size-default\">F\u00e5 beskjed med en gang Premium versjonen er klar.<\/h2>\t\t\t\t<\/div>\n\t\t\t\t<\/div>\n\t\t\t\t<div class=\"elementor-element elementor-element-e278ffb elementor-widget__width-initial elementor-widget elementor-widget-wpforms\" data-id=\"e278ffb\" data-element_type=\"widget\" data-e-type=\"widget\" data-widget_type=\"wpforms.default\">\n\t\t\t\t<div class=\"elementor-widget-container\">\n\t\t\t\t\t<div class=\"wpforms-container wpforms-container-full wpforms-render-modern\" id=\"wpforms-10304\"><form id=\"wpforms-form-10304\" class=\"wpforms-validate wpforms-form wpforms-ajax-form\" data-formid=\"10304\" method=\"post\" enctype=\"multipart\/form-data\" action=\"\/en\/wp-json\/wp\/v2\/pages\/10290\" data-token=\"51760752ed76f54ea63420dc6ef91d34\" data-token-time=\"1777129886\"><noscript class=\"wpforms-error-noscript\">Please enable JavaScript in your browser to complete this form.<\/noscript><div id=\"wpforms-error-noscript\" style=\"display: none;\">Please enable JavaScript in your browser to complete this form.<\/div><div class=\"wpforms-field-container\"><div id=\"wpforms-10304-field_1-container\" class=\"wpforms-field wpforms-field-name\" data-field-id=\"1\"><label class=\"wpforms-field-label\" for=\"wpforms-10304-field_1\">Navn <span class=\"wpforms-required-label\" aria-hidden=\"true\">*<\/span><\/label><input type=\"text\" id=\"wpforms-10304-field_1\" class=\"wpforms-field-large wpforms-field-required\" name=\"wpforms[fields][1]\" aria-errormessage=\"wpforms-10304-field_1-error\" required><\/div>\t\t<div id=\"wpforms-10304-field_3-container\"\n\t\t\tclass=\"wpforms-field wpforms-field-text\"\n\t\t\tdata-field-type=\"text\"\n\t\t\tdata-field-id=\"3\"\n\t\t\t>\n\t\t\t<label class=\"wpforms-field-label\" for=\"wpforms-10304-field_3\" >Navn E-post (valgfritt)<\/label>\n\t\t\t<input type=\"text\" id=\"wpforms-10304-field_3\" class=\"wpforms-field-medium\" name=\"wpforms[fields][3]\" >\n\t\t<\/div>\n\t\t<div id=\"wpforms-10304-field_2-container\" class=\"wpforms-field wpforms-field-email\" data-field-id=\"2\"><label class=\"wpforms-field-label\" for=\"wpforms-10304-field_2\">E-post <span class=\"wpforms-required-label\" aria-hidden=\"true\">*<\/span><\/label><input type=\"email\" id=\"wpforms-10304-field_2\" class=\"wpforms-field-large wpforms-field-required\" name=\"wpforms[fields][2]\" spellcheck=\"false\" aria-errormessage=\"wpforms-10304-field_2-error\" required><\/div><div id=\"wpforms-10304-field_4-container\" class=\"wpforms-field wpforms-field-text\" data-field-id=\"4\"><label class=\"wpforms-field-label\" for=\"wpforms-10304-field_4\">Nettside (valgfritt)<\/label><input type=\"text\" id=\"wpforms-10304-field_4\" class=\"wpforms-field-large\" name=\"wpforms[fields][4]\" aria-errormessage=\"wpforms-10304-field_4-error\" ><\/div><script>\n\t\t\t\t( function() {\n\t\t\t\t\tconst style = document.createElement( 'style' );\n\t\t\t\t\tstyle.appendChild( document.createTextNode( '#wpforms-10304-field_3-container { position: absolute !important; overflow: hidden !important; display: inline !important; height: 1px !important; width: 1px !important; z-index: -1000 !important; padding: 0 !important; } #wpforms-10304-field_3-container input { visibility: hidden; } #wpforms-conversational-form-page #wpforms-10304-field_3-container label { counter-increment: none; }' ) );\n\t\t\t\t\tdocument.head.appendChild( style );\n\t\t\t\t\tdocument.currentScript?.remove();\n\t\t\t\t} )();\n\t\t\t<\/script><\/div><!-- .wpforms-field-container --><div class=\"wpforms-submit-container\" ><input type=\"hidden\" name=\"wpforms[id]\" value=\"10304\"><input type=\"hidden\" name=\"page_title\" value=\"\"><input type=\"hidden\" name=\"page_url\" value=\"https:\/\/nett.pro\/en\/wp-json\/wp\/v2\/pages\/10290\"><input type=\"hidden\" name=\"url_referer\" value=\"\"><button type=\"submit\" name=\"wpforms[submit]\" id=\"wpforms-submit-10304\" class=\"wpforms-submit\" data-alt-text=\"Sending...\" data-submit-text=\"Send inn\" aria-live=\"assertive\" value=\"wpforms-submit\">Send inn<\/button><img decoding=\"async\" src=\"https:\/\/nett.pro\/wp-content\/plugins\/wpforms-lite\/assets\/images\/submit-spin.svg\" class=\"wpforms-submit-spinner\" style=\"display: none;\" width=\"26\" height=\"26\" alt=\"Loading\"><\/div><\/form><\/div>  <!-- .wpforms-container -->\t\t\t\t<\/div>\n\t\t\t\t<\/div>\n\t\t\t\t<div class=\"elementor-element elementor-element-7497230 elementor-widget elementor-widget-spacer\" data-id=\"7497230\" data-element_type=\"widget\" data-e-type=\"widget\" data-widget_type=\"spacer.default\">\n\t\t\t\t<div class=\"elementor-widget-container\">\n\t\t\t\t\t\t\t<div class=\"elementor-spacer\">\n\t\t\t<div class=\"elementor-spacer-inner\"><\/div>\n\t\t<\/div>\n\t\t\t\t\t\t<\/div>\n\t\t\t\t<\/div>\n\t\t\t\t\t<\/div>\n\t\t\t\t<\/div>\n\t\t\t\t<\/div>\n\t\t","protected":false},"excerpt":{"rendered":"<p>ClientHub PREMIUM Den komplette l\u00f8sningen for nettbyr\u00e5er som vil automatisere kundeoppf\u00f8lging, fakturaer og rapportering. ClientHub Premium utvider gratisversjonen med kraftige forretningsfunksjoner designet spesielt for norske byr\u00e5er og frilansere: \u2713 Profesjonelle tilbud og fakturaerGenerer MVA-kompatible fakturaer direkte fra prosjekter. Integrasjon med Vipps, Stripe og PayPal. \u2713 Avansert rapporteringSpor l\u00f8nnsomhet per kunde, prosjekt\u00f8konomi og betalingsanalyse \u2013 alt [&hellip;]<\/p>\n","protected":false},"author":1,"featured_media":0,"parent":0,"menu_order":0,"comment_status":"closed","ping_status":"closed","template":"elementor_canvas","meta":{"footnotes":""},"class_list":["post-10290","page","type-page","status-publish","hentry"],"yoast_head":"<!-- This site is optimized with the Yoast SEO plugin v27.4 - https:\/\/yoast.com\/product\/yoast-seo-wordpress\/ -->\n<title>ClientHub Premium - NETT.PRO<\/title>\n<meta name=\"robots\" content=\"index, follow, max-snippet:-1, max-image-preview:large, max-video-preview:-1\" \/>\n<link rel=\"canonical\" href=\"https:\/\/nett.pro\/en\/clienthub\/\" \/>\n<meta property=\"og:locale\" content=\"en_US\" \/>\n<meta property=\"og:type\" content=\"article\" \/>\n<meta property=\"og:title\" content=\"ClientHub Premium - NETT.PRO\" \/>\n<meta property=\"og:description\" content=\"ClientHub PREMIUM Den komplette l\u00f8sningen for nettbyr\u00e5er som vil automatisere kundeoppf\u00f8lging, fakturaer og rapportering. ClientHub Premium utvider gratisversjonen med kraftige forretningsfunksjoner designet spesielt for norske byr\u00e5er og frilansere: \u2713 Profesjonelle tilbud og fakturaerGenerer MVA-kompatible fakturaer direkte fra prosjekter. Integrasjon med Vipps, Stripe og PayPal. \u2713 Avansert rapporteringSpor l\u00f8nnsomhet per kunde, prosjekt\u00f8konomi og betalingsanalyse \u2013 alt [&hellip;]\" \/>\n<meta property=\"og:url\" content=\"https:\/\/nett.pro\/en\/clienthub\/\" \/>\n<meta property=\"og:site_name\" content=\"NETT.PRO\" \/>\n<meta property=\"article:modified_time\" content=\"2025-11-14T11:34:23+00:00\" \/>\n<meta property=\"og:image\" content=\"https:\/\/nett.pro\/wp-content\/plugins\/wpforms-lite\/assets\/images\/submit-spin.svg\" \/>\n<meta name=\"twitter:card\" content=\"summary_large_image\" \/>\n<meta name=\"twitter:label1\" content=\"Est. reading time\" \/>\n\t<meta name=\"twitter:data1\" content=\"1 minute\" \/>\n<script type=\"application\/ld+json\" class=\"yoast-schema-graph\">{\"@context\":\"https:\\\/\\\/schema.org\",\"@graph\":[{\"@type\":\"WebPage\",\"@id\":\"https:\\\/\\\/nett.pro\\\/clienthub\\\/\",\"url\":\"https:\\\/\\\/nett.pro\\\/clienthub\\\/\",\"name\":\"ClientHub Premium - NETT.PRO\",\"isPartOf\":{\"@id\":\"https:\\\/\\\/nett.pro\\\/#website\"},\"primaryImageOfPage\":{\"@id\":\"https:\\\/\\\/nett.pro\\\/clienthub\\\/#primaryimage\"},\"image\":{\"@id\":\"https:\\\/\\\/nett.pro\\\/clienthub\\\/#primaryimage\"},\"thumbnailUrl\":\"https:\\\/\\\/nett.pro\\\/wp-content\\\/plugins\\\/wpforms-lite\\\/assets\\\/images\\\/submit-spin.svg\",\"datePublished\":\"2025-10-06T17:52:36+00:00\",\"dateModified\":\"2025-11-14T11:34:23+00:00\",\"breadcrumb\":{\"@id\":\"https:\\\/\\\/nett.pro\\\/clienthub\\\/#breadcrumb\"},\"inLanguage\":\"en-US\",\"potentialAction\":[{\"@type\":\"ReadAction\",\"target\":[\"https:\\\/\\\/nett.pro\\\/clienthub\\\/\"]}]},{\"@type\":\"ImageObject\",\"inLanguage\":\"en-US\",\"@id\":\"https:\\\/\\\/nett.pro\\\/clienthub\\\/#primaryimage\",\"url\":\"https:\\\/\\\/nett.pro\\\/wp-content\\\/plugins\\\/wpforms-lite\\\/assets\\\/images\\\/submit-spin.svg\",\"contentUrl\":\"https:\\\/\\\/nett.pro\\\/wp-content\\\/plugins\\\/wpforms-lite\\\/assets\\\/images\\\/submit-spin.svg\"},{\"@type\":\"BreadcrumbList\",\"@id\":\"https:\\\/\\\/nett.pro\\\/clienthub\\\/#breadcrumb\",\"itemListElement\":[{\"@type\":\"ListItem\",\"position\":1,\"name\":\"Velkommen\",\"item\":\"https:\\\/\\\/nett.pro\\\/\"},{\"@type\":\"ListItem\",\"position\":2,\"name\":\"ClientHub Premium\"}]},{\"@type\":\"WebSite\",\"@id\":\"https:\\\/\\\/nett.pro\\\/#website\",\"url\":\"https:\\\/\\\/nett.pro\\\/\",\"name\":\"NETT.PRO\",\"description\":\"Nettsider til firma og privatpersoner\",\"publisher\":{\"@id\":\"https:\\\/\\\/nett.pro\\\/#organization\"},\"potentialAction\":[{\"@type\":\"SearchAction\",\"target\":{\"@type\":\"EntryPoint\",\"urlTemplate\":\"https:\\\/\\\/nett.pro\\\/?s={search_term_string}\"},\"query-input\":{\"@type\":\"PropertyValueSpecification\",\"valueRequired\":true,\"valueName\":\"search_term_string\"}}],\"inLanguage\":\"en-US\"},{\"@type\":\"Organization\",\"@id\":\"https:\\\/\\\/nett.pro\\\/#organization\",\"name\":\"NETT.PRO\",\"url\":\"https:\\\/\\\/nett.pro\\\/\",\"logo\":{\"@type\":\"ImageObject\",\"inLanguage\":\"en-US\",\"@id\":\"https:\\\/\\\/nett.pro\\\/#\\\/schema\\\/logo\\\/image\\\/\",\"url\":\"\",\"contentUrl\":\"\",\"caption\":\"NETT.PRO\"},\"image\":{\"@id\":\"https:\\\/\\\/nett.pro\\\/#\\\/schema\\\/logo\\\/image\\\/\"}}]}<\/script>\n<!-- \/ Yoast SEO plugin. -->","yoast_head_json":{"title":"ClientHub Premium - NETT.PRO","robots":{"index":"index","follow":"follow","max-snippet":"max-snippet:-1","max-image-preview":"max-image-preview:large","max-video-preview":"max-video-preview:-1"},"canonical":"https:\/\/nett.pro\/en\/clienthub\/","og_locale":"en_US","og_type":"article","og_title":"ClientHub Premium - NETT.PRO","og_description":"ClientHub PREMIUM Den komplette l\u00f8sningen for nettbyr\u00e5er som vil automatisere kundeoppf\u00f8lging, fakturaer og rapportering. ClientHub Premium utvider gratisversjonen med kraftige forretningsfunksjoner designet spesielt for norske byr\u00e5er og frilansere: \u2713 Profesjonelle tilbud og fakturaerGenerer MVA-kompatible fakturaer direkte fra prosjekter. Integrasjon med Vipps, Stripe og PayPal. \u2713 Avansert rapporteringSpor l\u00f8nnsomhet per kunde, prosjekt\u00f8konomi og betalingsanalyse \u2013 alt [&hellip;]","og_url":"https:\/\/nett.pro\/en\/clienthub\/","og_site_name":"NETT.PRO","article_modified_time":"2025-11-14T11:34:23+00:00","og_image":[{"url":"https:\/\/nett.pro\/wp-content\/plugins\/wpforms-lite\/assets\/images\/submit-spin.svg","type":"","width":"","height":""}],"twitter_card":"summary_large_image","twitter_misc":{"Est. reading time":"1 minute"},"schema":{"@context":"https:\/\/schema.org","@graph":[{"@type":"WebPage","@id":"https:\/\/nett.pro\/clienthub\/","url":"https:\/\/nett.pro\/clienthub\/","name":"ClientHub Premium - NETT.PRO","isPartOf":{"@id":"https:\/\/nett.pro\/#website"},"primaryImageOfPage":{"@id":"https:\/\/nett.pro\/clienthub\/#primaryimage"},"image":{"@id":"https:\/\/nett.pro\/clienthub\/#primaryimage"},"thumbnailUrl":"https:\/\/nett.pro\/wp-content\/plugins\/wpforms-lite\/assets\/images\/submit-spin.svg","datePublished":"2025-10-06T17:52:36+00:00","dateModified":"2025-11-14T11:34:23+00:00","breadcrumb":{"@id":"https:\/\/nett.pro\/clienthub\/#breadcrumb"},"inLanguage":"en-US","potentialAction":[{"@type":"ReadAction","target":["https:\/\/nett.pro\/clienthub\/"]}]},{"@type":"ImageObject","inLanguage":"en-US","@id":"https:\/\/nett.pro\/clienthub\/#primaryimage","url":"https:\/\/nett.pro\/wp-content\/plugins\/wpforms-lite\/assets\/images\/submit-spin.svg","contentUrl":"https:\/\/nett.pro\/wp-content\/plugins\/wpforms-lite\/assets\/images\/submit-spin.svg"},{"@type":"BreadcrumbList","@id":"https:\/\/nett.pro\/clienthub\/#breadcrumb","itemListElement":[{"@type":"ListItem","position":1,"name":"Velkommen","item":"https:\/\/nett.pro\/"},{"@type":"ListItem","position":2,"name":"ClientHub Premium"}]},{"@type":"WebSite","@id":"https:\/\/nett.pro\/#website","url":"https:\/\/nett.pro\/","name":"NETT.PRO","description":"Nettsider til firma og privatpersoner","publisher":{"@id":"https:\/\/nett.pro\/#organization"},"potentialAction":[{"@type":"SearchAction","target":{"@type":"EntryPoint","urlTemplate":"https:\/\/nett.pro\/?s={search_term_string}"},"query-input":{"@type":"PropertyValueSpecification","valueRequired":true,"valueName":"search_term_string"}}],"inLanguage":"en-US"},{"@type":"Organization","@id":"https:\/\/nett.pro\/#organization","name":"NETT.PRO","url":"https:\/\/nett.pro\/","logo":{"@type":"ImageObject","inLanguage":"en-US","@id":"https:\/\/nett.pro\/#\/schema\/logo\/image\/","url":"","contentUrl":"","caption":"NETT.PRO"},"image":{"@id":"https:\/\/nett.pro\/#\/schema\/logo\/image\/"}}]}},"_links":{"self":[{"href":"https:\/\/nett.pro\/en\/wp-json\/wp\/v2\/pages\/10290","targetHints":{"allow":["GET"]}}],"collection":[{"href":"https:\/\/nett.pro\/en\/wp-json\/wp\/v2\/pages"}],"about":[{"href":"https:\/\/nett.pro\/en\/wp-json\/wp\/v2\/types\/page"}],"author":[{"embeddable":true,"href":"https:\/\/nett.pro\/en\/wp-json\/wp\/v2\/users\/1"}],"replies":[{"embeddable":true,"href":"https:\/\/nett.pro\/en\/wp-json\/wp\/v2\/comments?post=10290"}],"version-history":[{"count":152,"href":"https:\/\/nett.pro\/en\/wp-json\/wp\/v2\/pages\/10290\/revisions"}],"predecessor-version":[{"id":10463,"href":"https:\/\/nett.pro\/en\/wp-json\/wp\/v2\/pages\/10290\/revisions\/10463"}],"wp:attachment":[{"href":"https:\/\/nett.pro\/en\/wp-json\/wp\/v2\/media?parent=10290"}],"curies":[{"name":"wp","href":"https:\/\/api.w.org\/{rel}","templated":true}]}}