{"id":3187,"date":"2021-02-11T19:05:02","date_gmt":"2021-02-11T19:05:02","guid":{"rendered":"https:\/\/nett.pro\/?page_id=3187"},"modified":"2022-12-15T22:11:55","modified_gmt":"2022-12-15T22:11:55","slug":"handlekurv","status":"publish","type":"page","link":"https:\/\/nett.pro\/en\/handlekurv\/","title":{"rendered":"Produkthenvendelse"},"content":{"rendered":"<p>Betal f\u00f8rst n\u00e5r du har mottatt og er forn\u00f8yd med produktet!<\/p>","protected":false},"excerpt":{"rendered":"<p>Betal f\u00f8rst n\u00e5r du har mottatt og er forn\u00f8yd med produktet!<\/p>","protected":false},"author":1,"featured_media":0,"parent":0,"menu_order":0,"comment_status":"closed","ping_status":"closed","template":"","meta":{"footnotes":""},"class_list":["post-3187","page","type-page","status-publish","hentry"],"yoast_head":"<!-- This site is optimized with the Yoast SEO plugin v27.4 - https:\/\/yoast.com\/product\/yoast-seo-wordpress\/ -->\n<title>Produkthenvendelse - NETT.PRO<\/title>\n<meta name=\"description\" content=\"Send inn en foresp\u00f8rsel om ny hjemmeside, nettside eller nettbutikk. Profesjonelt design, optimalisert for alle skjermst\u00f8rrelser.\" \/>\n<meta name=\"robots\" content=\"index, follow, max-snippet:-1, max-image-preview:large, max-video-preview:-1\" \/>\n<link rel=\"canonical\" href=\"https:\/\/nett.pro\/en\/handlekurv\/\" \/>\n<meta property=\"og:locale\" content=\"en_US\" \/>\n<meta property=\"og:type\" content=\"article\" \/>\n<meta property=\"og:title\" content=\"Produkthenvendelse - NETT.PRO\" \/>\n<meta property=\"og:description\" content=\"Send inn en foresp\u00f8rsel om ny hjemmeside, nettside eller nettbutikk. Profesjonelt design, optimalisert for alle skjermst\u00f8rrelser.\" \/>\n<meta property=\"og:url\" content=\"https:\/\/nett.pro\/en\/handlekurv\/\" \/>\n<meta property=\"og:site_name\" content=\"NETT.PRO\" \/>\n<meta property=\"article:modified_time\" content=\"2022-12-15T22:11:55+00:00\" \/>\n<meta name=\"twitter:card\" content=\"summary_large_image\" \/>\n<meta name=\"twitter:label1\" content=\"Est. reading time\" \/>\n\t<meta name=\"twitter:data1\" content=\"1 minute\" \/>\n<script type=\"application\/ld+json\" class=\"yoast-schema-graph\">{\"@context\":\"https:\\\/\\\/schema.org\",\"@graph\":[{\"@type\":\"WebPage\",\"@id\":\"https:\\\/\\\/nett.pro\\\/handlekurv\\\/\",\"url\":\"https:\\\/\\\/nett.pro\\\/handlekurv\\\/\",\"name\":\"Produkthenvendelse - NETT.PRO\",\"isPartOf\":{\"@id\":\"https:\\\/\\\/nett.pro\\\/#website\"},\"datePublished\":\"2021-02-11T19:05:02+00:00\",\"dateModified\":\"2022-12-15T22:11:55+00:00\",\"description\":\"Send inn en foresp\u00f8rsel om ny hjemmeside, nettside eller nettbutikk. Profesjonelt design, optimalisert for alle skjermst\u00f8rrelser.\",\"breadcrumb\":{\"@id\":\"https:\\\/\\\/nett.pro\\\/handlekurv\\\/#breadcrumb\"},\"inLanguage\":\"en-US\",\"potentialAction\":[{\"@type\":\"ReadAction\",\"target\":[\"https:\\\/\\\/nett.pro\\\/handlekurv\\\/\"]}]},{\"@type\":\"BreadcrumbList\",\"@id\":\"https:\\\/\\\/nett.pro\\\/handlekurv\\\/#breadcrumb\",\"itemListElement\":[{\"@type\":\"ListItem\",\"position\":1,\"name\":\"Velkommen\",\"item\":\"https:\\\/\\\/nett.pro\\\/\"},{\"@type\":\"ListItem\",\"position\":2,\"name\":\"Produkthenvendelse\"}]},{\"@type\":\"WebSite\",\"@id\":\"https:\\\/\\\/nett.pro\\\/#website\",\"url\":\"https:\\\/\\\/nett.pro\\\/\",\"name\":\"NETT.PRO\",\"description\":\"Nettsider til firma og privatpersoner\",\"publisher\":{\"@id\":\"https:\\\/\\\/nett.pro\\\/#organization\"},\"potentialAction\":[{\"@type\":\"SearchAction\",\"target\":{\"@type\":\"EntryPoint\",\"urlTemplate\":\"https:\\\/\\\/nett.pro\\\/?s={search_term_string}\"},\"query-input\":{\"@type\":\"PropertyValueSpecification\",\"valueRequired\":true,\"valueName\":\"search_term_string\"}}],\"inLanguage\":\"en-US\"},{\"@type\":\"Organization\",\"@id\":\"https:\\\/\\\/nett.pro\\\/#organization\",\"name\":\"NETT.PRO\",\"url\":\"https:\\\/\\\/nett.pro\\\/\",\"logo\":{\"@type\":\"ImageObject\",\"inLanguage\":\"en-US\",\"@id\":\"https:\\\/\\\/nett.pro\\\/#\\\/schema\\\/logo\\\/image\\\/\",\"url\":\"\",\"contentUrl\":\"\",\"caption\":\"NETT.PRO\"},\"image\":{\"@id\":\"https:\\\/\\\/nett.pro\\\/#\\\/schema\\\/logo\\\/image\\\/\"}}]}<\/script>\n<!-- \/ Yoast SEO plugin. -->","yoast_head_json":{"title":"Produkthenvendelse - NETT.PRO","description":"Send inn en foresp\u00f8rsel om ny hjemmeside, nettside eller nettbutikk. Profesjonelt design, optimalisert for alle skjermst\u00f8rrelser.","robots":{"index":"index","follow":"follow","max-snippet":"max-snippet:-1","max-image-preview":"max-image-preview:large","max-video-preview":"max-video-preview:-1"},"canonical":"https:\/\/nett.pro\/en\/handlekurv\/","og_locale":"en_US","og_type":"article","og_title":"Produkthenvendelse - NETT.PRO","og_description":"Send inn en foresp\u00f8rsel om ny hjemmeside, nettside eller nettbutikk. Profesjonelt design, optimalisert for alle skjermst\u00f8rrelser.","og_url":"https:\/\/nett.pro\/en\/handlekurv\/","og_site_name":"NETT.PRO","article_modified_time":"2022-12-15T22:11:55+00:00","twitter_card":"summary_large_image","twitter_misc":{"Est. reading time":"1 minute"},"schema":{"@context":"https:\/\/schema.org","@graph":[{"@type":"WebPage","@id":"https:\/\/nett.pro\/handlekurv\/","url":"https:\/\/nett.pro\/handlekurv\/","name":"Produkthenvendelse - NETT.PRO","isPartOf":{"@id":"https:\/\/nett.pro\/#website"},"datePublished":"2021-02-11T19:05:02+00:00","dateModified":"2022-12-15T22:11:55+00:00","description":"Send inn en foresp\u00f8rsel om ny hjemmeside, nettside eller nettbutikk. Profesjonelt design, optimalisert for alle skjermst\u00f8rrelser.","breadcrumb":{"@id":"https:\/\/nett.pro\/handlekurv\/#breadcrumb"},"inLanguage":"en-US","potentialAction":[{"@type":"ReadAction","target":["https:\/\/nett.pro\/handlekurv\/"]}]},{"@type":"BreadcrumbList","@id":"https:\/\/nett.pro\/handlekurv\/#breadcrumb","itemListElement":[{"@type":"ListItem","position":1,"name":"Velkommen","item":"https:\/\/nett.pro\/"},{"@type":"ListItem","position":2,"name":"Produkthenvendelse"}]},{"@type":"WebSite","@id":"https:\/\/nett.pro\/#website","url":"https:\/\/nett.pro\/","name":"NETT.PRO","description":"Nettsider til firma og privatpersoner","publisher":{"@id":"https:\/\/nett.pro\/#organization"},"potentialAction":[{"@type":"SearchAction","target":{"@type":"EntryPoint","urlTemplate":"https:\/\/nett.pro\/?s={search_term_string}"},"query-input":{"@type":"PropertyValueSpecification","valueRequired":true,"valueName":"search_term_string"}}],"inLanguage":"en-US"},{"@type":"Organization","@id":"https:\/\/nett.pro\/#organization","name":"NETT.PRO","url":"https:\/\/nett.pro\/","logo":{"@type":"ImageObject","inLanguage":"en-US","@id":"https:\/\/nett.pro\/#\/schema\/logo\/image\/","url":"","contentUrl":"","caption":"NETT.PRO"},"image":{"@id":"https:\/\/nett.pro\/#\/schema\/logo\/image\/"}}]}},"_links":{"self":[{"href":"https:\/\/nett.pro\/en\/wp-json\/wp\/v2\/pages\/3187","targetHints":{"allow":["GET"]}}],"collection":[{"href":"https:\/\/nett.pro\/en\/wp-json\/wp\/v2\/pages"}],"about":[{"href":"https:\/\/nett.pro\/en\/wp-json\/wp\/v2\/types\/page"}],"author":[{"embeddable":true,"href":"https:\/\/nett.pro\/en\/wp-json\/wp\/v2\/users\/1"}],"replies":[{"embeddable":true,"href":"https:\/\/nett.pro\/en\/wp-json\/wp\/v2\/comments?post=3187"}],"version-history":[{"count":0,"href":"https:\/\/nett.pro\/en\/wp-json\/wp\/v2\/pages\/3187\/revisions"}],"wp:attachment":[{"href":"https:\/\/nett.pro\/en\/wp-json\/wp\/v2\/media?parent=3187"}],"curies":[{"name":"wp","href":"https:\/\/api.w.org\/{rel}","templated":true}]}}