{"id":5747,"date":"2022-12-26T15:28:39","date_gmt":"2022-12-26T15:28:39","guid":{"rendered":"https:\/\/nett.pro\/?page_id=5747"},"modified":"2023-01-11T00:10:49","modified_gmt":"2023-01-11T00:10:49","slug":"referanser-gamle-javascript-spill","status":"publish","type":"page","link":"https:\/\/nett.pro\/en\/referanser-gamle-javascript-spill\/","title":{"rendered":"Referanser &#8211; Gamle javascript spill"},"content":{"rendered":"<div data-elementor-type=\"wp-page\" data-elementor-id=\"5747\" class=\"elementor elementor-5747\">\n\t\t\t\t\t\t<section class=\"elementor-section elementor-top-section elementor-element elementor-element-ba34600 elementor-section-height-min-height elementor-section-stretched elementor-section-boxed elementor-section-height-default elementor-section-items-middle\" data-id=\"ba34600\" data-element_type=\"section\" data-e-type=\"section\" data-settings=\"{&quot;background_background&quot;:&quot;classic&quot;,&quot;stretch_section&quot;:&quot;section-stretched&quot;}\">\n\t\t\t\t\t\t<div class=\"elementor-container elementor-column-gap-default\">\n\t\t\t\t\t<div class=\"elementor-column elementor-col-100 elementor-top-column elementor-element elementor-element-d18fe85\" data-id=\"d18fe85\" data-element_type=\"column\" data-e-type=\"column\">\n\t\t\t<div class=\"elementor-widget-wrap elementor-element-populated\">\n\t\t\t\t\t\t<section class=\"elementor-section elementor-inner-section elementor-element elementor-element-085ab21 elementor-section-content-middle elementor-section-boxed elementor-section-height-default elementor-section-height-default\" data-id=\"085ab21\" data-element_type=\"section\" data-e-type=\"section\">\n\t\t\t\t\t\t<div class=\"elementor-container elementor-column-gap-default\">\n\t\t\t\t\t<div class=\"elementor-column elementor-col-50 elementor-inner-column elementor-element elementor-element-2157c9f\" data-id=\"2157c9f\" data-element_type=\"column\" data-e-type=\"column\">\n\t\t\t<div class=\"elementor-widget-wrap elementor-element-populated\">\n\t\t\t\t\t\t<div class=\"elementor-element elementor-element-9439c96 animated-slow elementor-invisible elementor-widget elementor-widget-heading\" data-id=\"9439c96\" data-element_type=\"widget\" data-e-type=\"widget\" data-settings=\"{&quot;_animation&quot;:&quot;fadeIn&quot;,&quot;_animation_delay&quot;:100}\" data-widget_type=\"heading.default\">\n\t\t\t\t<div class=\"elementor-widget-container\">\n\t\t\t\t\t<h2 class=\"elementor-heading-title elementor-size-default\">Old JavaScript games<\/h2>\t\t\t\t<\/div>\n\t\t\t\t<\/div>\n\t\t\t\t<div class=\"elementor-element elementor-element-76097da elementor-invisible elementor-widget elementor-widget-text-editor\" data-id=\"76097da\" data-element_type=\"widget\" data-e-type=\"widget\" data-settings=\"{&quot;_animation&quot;:&quot;fadeInLeft&quot;}\" data-widget_type=\"text-editor.default\">\n\t\t\t\t<div class=\"elementor-widget-container\">\n\t\t\t\t\t\t\t\t\t<p>Some examples of small games I have made.<\/p>\t\t\t\t\t\t\t\t<\/div>\n\t\t\t\t<\/div>\n\t\t\t\t\t<\/div>\n\t\t<\/div>\n\t\t\t\t<div class=\"elementor-column elementor-col-50 elementor-inner-column elementor-element elementor-element-010d1c5 elementor-hidden-mobile\" data-id=\"010d1c5\" data-element_type=\"column\" data-e-type=\"column\">\n\t\t\t<div class=\"elementor-widget-wrap elementor-element-populated\">\n\t\t\t\t\t\t<div class=\"elementor-element elementor-element-5b67c58 elementor-widget elementor-widget-image\" data-id=\"5b67c58\" data-element_type=\"widget\" data-e-type=\"widget\" data-settings=\"{&quot;_animation&quot;:&quot;none&quot;,&quot;_animation_delay&quot;:0}\" data-widget_type=\"image.default\">\n\t\t\t\t<div class=\"elementor-widget-container\">\n\t\t\t\t\t\t\t\t\t\t\t\t\t\t\t<img fetchpriority=\"high\" decoding=\"async\" width=\"512\" height=\"495\" src=\"https:\/\/nett.pro\/wp-content\/uploads\/2022\/12\/referanser-spill.gif\" class=\"attachment-large size-large wp-image-5783\" alt=\"referanser javascript spill\" \/>\t\t\t\t\t\t\t\t\t\t\t\t\t\t\t<\/div>\n\t\t\t\t<\/div>\n\t\t\t\t\t<\/div>\n\t\t<\/div>\n\t\t\t\t\t<\/div>\n\t\t<\/section>\n\t\t\t\t\t<\/div>\n\t\t<\/div>\n\t\t\t\t\t<\/div>\n\t\t<\/section>\n\t\t\t\t<section class=\"elementor-section elementor-top-section elementor-element elementor-element-7b45978 elementor-section-boxed elementor-section-height-default elementor-section-height-default\" data-id=\"7b45978\" data-element_type=\"section\" data-e-type=\"section\">\n\t\t\t\t\t\t<div class=\"elementor-container elementor-column-gap-default\">\n\t\t\t\t\t<div class=\"elementor-column elementor-col-100 elementor-top-column elementor-element elementor-element-5ddebee\" data-id=\"5ddebee\" data-element_type=\"column\" data-e-type=\"column\">\n\t\t\t<div class=\"elementor-widget-wrap elementor-element-populated\">\n\t\t\t\t\t\t<div class=\"elementor-element elementor-element-0de9ec5 elementor-widget elementor-widget-text-editor\" data-id=\"0de9ec5\" data-element_type=\"widget\" data-e-type=\"widget\" data-widget_type=\"text-editor.default\">\n\t\t\t\t<div class=\"elementor-widget-container\">\n\t\t\t\t\t\t\t\t\t<p>References:<\/p>\t\t\t\t\t\t\t\t<\/div>\n\t\t\t\t<\/div>\n\t\t\t\t\t<\/div>\n\t\t<\/div>\n\t\t\t\t\t<\/div>\n\t\t<\/section>\n\t\t\t\t<section class=\"elementor-section elementor-top-section elementor-element elementor-element-afa6561 elementor-section-boxed elementor-section-height-default elementor-section-height-default\" data-id=\"afa6561\" data-element_type=\"section\" data-e-type=\"section\">\n\t\t\t\t\t\t<div class=\"elementor-container elementor-column-gap-default\">\n\t\t\t\t\t<div class=\"elementor-column elementor-col-50 elementor-top-column elementor-element elementor-element-57fd3a1 elementor-hidden-mobile\" data-id=\"57fd3a1\" data-element_type=\"column\" data-e-type=\"column\">\n\t\t\t<div class=\"elementor-widget-wrap elementor-element-populated\">\n\t\t\t\t\t\t<div class=\"elementor-element elementor-element-fcec577 elementor-widget elementor-widget-html\" data-id=\"fcec577\" data-element_type=\"widget\" data-e-type=\"widget\" data-widget_type=\"html.default\">\n\t\t\t\t<div class=\"elementor-widget-container\">\n\t\t\t\t\t<iframe src=\"https:\/\/nett.pro\/spill\/kronespill\/kroneautomat.html\" style=\"height:600px;\" scrolling=\"no\"><\/iframe>\t\t\t\t<\/div>\n\t\t\t\t<\/div>\n\t\t\t\t<div class=\"elementor-element elementor-element-ff2eeab elementor-widget elementor-widget-text-editor\" data-id=\"ff2eeab\" data-element_type=\"widget\" data-e-type=\"widget\" data-widget_type=\"text-editor.default\">\n\t\t\t\t<div class=\"elementor-widget-container\">\n\t\t\t\t\t\t\t\t\t<p>Click once on the game to focus the keyboard. Hold down the left arrow until the desired force is achieved and release.<\/p>\t\t\t\t\t\t\t\t<\/div>\n\t\t\t\t<\/div>\n\t\t\t\t\t<\/div>\n\t\t<\/div>\n\t\t\t\t<div class=\"elementor-column elementor-col-50 elementor-top-column elementor-element elementor-element-046f989\" data-id=\"046f989\" data-element_type=\"column\" data-e-type=\"column\">\n\t\t\t<div class=\"elementor-widget-wrap elementor-element-populated\">\n\t\t\t\t\t\t<div class=\"elementor-element elementor-element-40d667f elementor-widget elementor-widget-html\" data-id=\"40d667f\" data-element_type=\"widget\" data-e-type=\"widget\" data-widget_type=\"html.default\">\n\t\t\t\t<div class=\"elementor-widget-container\">\n\t\t\t\t\t<iframe src=\"https:\/\/nett.pro\/spill\/slotmachine\/index.html\" style=\"height:600px;\" scrolling=\"no\"><\/iframe>\t\t\t\t<\/div>\n\t\t\t\t<\/div>\n\t\t\t\t<section class=\"elementor-section elementor-inner-section elementor-element elementor-element-faf8f28 elementor-section-boxed elementor-section-height-default elementor-section-height-default\" data-id=\"faf8f28\" data-element_type=\"section\" data-e-type=\"section\">\n\t\t\t\t\t\t<div class=\"elementor-container elementor-column-gap-default\">\n\t\t\t\t\t<div class=\"elementor-column elementor-col-50 elementor-inner-column elementor-element elementor-element-f15c6cb\" data-id=\"f15c6cb\" data-element_type=\"column\" data-e-type=\"column\">\n\t\t\t<div class=\"elementor-widget-wrap elementor-element-populated\">\n\t\t\t\t\t\t<div class=\"elementor-element elementor-element-5da4c70 elementor-widget elementor-widget-text-editor\" data-id=\"5da4c70\" data-element_type=\"widget\" data-e-type=\"widget\" data-widget_type=\"text-editor.default\">\n\t\t\t\t<div class=\"elementor-widget-container\">\n\t\t\t\t\t\t\t\t\t<p>Cleanbet Super Slot Machine.\u00a0<\/p>\t\t\t\t\t\t\t\t<\/div>\n\t\t\t\t<\/div>\n\t\t\t\t\t<\/div>\n\t\t<\/div>\n\t\t\t\t<div class=\"elementor-column elementor-col-50 elementor-inner-column elementor-element elementor-element-82dfe32\" data-id=\"82dfe32\" data-element_type=\"column\" data-e-type=\"column\">\n\t\t\t<div class=\"elementor-widget-wrap elementor-element-populated\">\n\t\t\t\t\t\t<div class=\"elementor-element elementor-element-a34477b elementor-widget elementor-widget-button\" data-id=\"a34477b\" data-element_type=\"widget\" data-e-type=\"widget\" data-widget_type=\"button.default\">\n\t\t\t\t<div class=\"elementor-widget-container\">\n\t\t\t\t\t\t\t\t\t<div class=\"elementor-button-wrapper\">\n\t\t\t\t\t<a class=\"elementor-button elementor-button-link elementor-size-sm\" href=\"https:\/\/nett.pro\/spill\/slotmachine\/slotmachine.apk\">\n\t\t\t\t\t\t<span class=\"elementor-button-content-wrapper\">\n\t\t\t\t\t\t\t\t\t<span class=\"elementor-button-text\">Download app ( Android )<\/span>\n\t\t\t\t\t<\/span>\n\t\t\t\t\t<\/a>\n\t\t\t\t<\/div>\n\t\t\t\t\t\t\t\t<\/div>\n\t\t\t\t<\/div>\n\t\t\t\t\t<\/div>\n\t\t<\/div>\n\t\t\t\t\t<\/div>\n\t\t<\/section>\n\t\t\t\t\t<\/div>\n\t\t<\/div>\n\t\t\t\t\t<\/div>\n\t\t<\/section>\n\t\t\t\t<section class=\"elementor-section elementor-top-section elementor-element elementor-element-39b8a86 elementor-section-boxed elementor-section-height-default elementor-section-height-default\" data-id=\"39b8a86\" data-element_type=\"section\" data-e-type=\"section\">\n\t\t\t\t\t\t<div class=\"elementor-container elementor-column-gap-default\">\n\t\t\t\t\t<div class=\"elementor-column elementor-col-50 elementor-top-column elementor-element elementor-element-85f033e\" data-id=\"85f033e\" data-element_type=\"column\" data-e-type=\"column\">\n\t\t\t<div class=\"elementor-widget-wrap elementor-element-populated\">\n\t\t\t\t\t\t<div class=\"elementor-element elementor-element-f2dd089 elementor-widget elementor-widget-html\" data-id=\"f2dd089\" data-element_type=\"widget\" data-e-type=\"widget\" data-widget_type=\"html.default\">\n\t\t\t\t<div class=\"elementor-widget-container\">\n\t\t\t\t\t<iframe src=\"https:\/\/nett.pro\/spill\/puzzle-quiz\/index.html\"\" style=\"height:600px;\" scrolling=\"no\"><\/iframe>\t\t\t\t<\/div>\n\t\t\t\t<\/div>\n\t\t\t\t<section class=\"elementor-section elementor-inner-section elementor-element elementor-element-faa3599 elementor-section-boxed elementor-section-height-default elementor-section-height-default\" data-id=\"faa3599\" data-element_type=\"section\" data-e-type=\"section\">\n\t\t\t\t\t\t<div class=\"elementor-container elementor-column-gap-default\">\n\t\t\t\t\t<div class=\"elementor-column elementor-col-50 elementor-inner-column elementor-element elementor-element-7f65628\" data-id=\"7f65628\" data-element_type=\"column\" data-e-type=\"column\">\n\t\t\t<div class=\"elementor-widget-wrap elementor-element-populated\">\n\t\t\t\t\t\t<div class=\"elementor-element elementor-element-2e976d5 elementor-widget elementor-widget-text-editor\" data-id=\"2e976d5\" data-element_type=\"widget\" data-e-type=\"widget\" data-widget_type=\"text-editor.default\">\n\t\t\t\t<div class=\"elementor-widget-container\">\n\t\t\t\t\t\t\t\t\t<p>Puzzle Quiz. Answer questions correctly and uncover the puzzle.<\/p>\t\t\t\t\t\t\t\t<\/div>\n\t\t\t\t<\/div>\n\t\t\t\t\t<\/div>\n\t\t<\/div>\n\t\t\t\t<div class=\"elementor-column elementor-col-50 elementor-inner-column elementor-element elementor-element-3abd06d\" data-id=\"3abd06d\" data-element_type=\"column\" data-e-type=\"column\">\n\t\t\t<div class=\"elementor-widget-wrap elementor-element-populated\">\n\t\t\t\t\t\t<div class=\"elementor-element elementor-element-6072d2e elementor-widget elementor-widget-button\" data-id=\"6072d2e\" data-element_type=\"widget\" data-e-type=\"widget\" data-widget_type=\"button.default\">\n\t\t\t\t<div class=\"elementor-widget-container\">\n\t\t\t\t\t\t\t\t\t<div class=\"elementor-button-wrapper\">\n\t\t\t\t\t<a class=\"elementor-button elementor-button-link elementor-size-sm\" href=\"https:\/\/nett.pro\/spill\/puzzle-quiz\/puzzlequiz.apk\">\n\t\t\t\t\t\t<span class=\"elementor-button-content-wrapper\">\n\t\t\t\t\t\t\t\t\t<span class=\"elementor-button-text\">Download app ( Android )<\/span>\n\t\t\t\t\t<\/span>\n\t\t\t\t\t<\/a>\n\t\t\t\t<\/div>\n\t\t\t\t\t\t\t\t<\/div>\n\t\t\t\t<\/div>\n\t\t\t\t\t<\/div>\n\t\t<\/div>\n\t\t\t\t\t<\/div>\n\t\t<\/section>\n\t\t\t\t\t<\/div>\n\t\t<\/div>\n\t\t\t\t<div class=\"elementor-column elementor-col-50 elementor-top-column elementor-element elementor-element-0cd48ef\" data-id=\"0cd48ef\" data-element_type=\"column\" data-e-type=\"column\">\n\t\t\t<div class=\"elementor-widget-wrap elementor-element-populated\">\n\t\t\t\t\t\t<div class=\"elementor-element elementor-element-e9331ce elementor-widget elementor-widget-image\" data-id=\"e9331ce\" data-element_type=\"widget\" data-e-type=\"widget\" data-widget_type=\"image.default\">\n\t\t\t\t<div class=\"elementor-widget-container\">\n\t\t\t\t\t\t\t\t\t\t\t\t\t\t\t\t<a href=\"https:\/\/nett.pro\/spill\/chichuahua-adventures\/index.html\" target=\"_blank\">\n\t\t\t\t\t\t\t<img decoding=\"async\" width=\"453\" height=\"583\" src=\"https:\/\/nett.pro\/wp-content\/uploads\/2022\/12\/chihuahua-adventures-isak-in-deep-trouble-1.jpg\" class=\"attachment-large size-large wp-image-5944\" alt=\"Chihuahua Adventures - Isak in deep trouble\" srcset=\"https:\/\/nett.pro\/wp-content\/uploads\/2022\/12\/chihuahua-adventures-isak-in-deep-trouble-1.jpg 453w, https:\/\/nett.pro\/wp-content\/uploads\/2022\/12\/chihuahua-adventures-isak-in-deep-trouble-1-300x386.jpg 300w, https:\/\/nett.pro\/wp-content\/uploads\/2022\/12\/chihuahua-adventures-isak-in-deep-trouble-1-400x515.jpg 400w, https:\/\/nett.pro\/wp-content\/uploads\/2022\/12\/chihuahua-adventures-isak-in-deep-trouble-1-233x300.jpg 233w, https:\/\/nett.pro\/wp-content\/uploads\/2022\/12\/chihuahua-adventures-isak-in-deep-trouble-1-9x12.jpg 9w\" sizes=\"(max-width: 453px) 100vw, 453px\" \/>\t\t\t\t\t\t\t\t<\/a>\n\t\t\t\t\t\t\t\t\t\t\t\t\t\t\t<\/div>\n\t\t\t\t<\/div>\n\t\t\t\t<div class=\"elementor-element elementor-element-60ec633 elementor-widget elementor-widget-text-editor\" data-id=\"60ec633\" data-element_type=\"widget\" data-e-type=\"widget\" data-widget_type=\"text-editor.default\">\n\t\t\t\t<div class=\"elementor-widget-container\">\n\t\t\t\t\t\t\t\t\t<p>Chihuahua Adventures &#8211; Isak in deep trouble.<\/p>\t\t\t\t\t\t\t\t<\/div>\n\t\t\t\t<\/div>\n\t\t\t\t<section class=\"elementor-section elementor-inner-section elementor-element elementor-element-9209bd7 elementor-section-boxed elementor-section-height-default elementor-section-height-default\" data-id=\"9209bd7\" data-element_type=\"section\" data-e-type=\"section\">\n\t\t\t\t\t\t<div class=\"elementor-container elementor-column-gap-default\">\n\t\t\t\t\t<div class=\"elementor-column elementor-col-50 elementor-inner-column elementor-element elementor-element-35fcbe5\" data-id=\"35fcbe5\" data-element_type=\"column\" data-e-type=\"column\">\n\t\t\t<div class=\"elementor-widget-wrap elementor-element-populated\">\n\t\t\t\t\t\t<div class=\"elementor-element elementor-element-389234b elementor-widget elementor-widget-button\" data-id=\"389234b\" data-element_type=\"widget\" data-e-type=\"widget\" data-widget_type=\"button.default\">\n\t\t\t\t<div class=\"elementor-widget-container\">\n\t\t\t\t\t\t\t\t\t<div class=\"elementor-button-wrapper\">\n\t\t\t\t\t<a class=\"elementor-button elementor-button-link elementor-size-sm\" href=\"https:\/\/nett.pro\/spill\/chichuahua-adventures\/chihuahua-adventures-android.apk\">\n\t\t\t\t\t\t<span class=\"elementor-button-content-wrapper\">\n\t\t\t\t\t\t\t\t\t<span class=\"elementor-button-text\">Download app ( Android )<\/span>\n\t\t\t\t\t<\/span>\n\t\t\t\t\t<\/a>\n\t\t\t\t<\/div>\n\t\t\t\t\t\t\t\t<\/div>\n\t\t\t\t<\/div>\n\t\t\t\t\t<\/div>\n\t\t<\/div>\n\t\t\t\t<div class=\"elementor-column elementor-col-50 elementor-inner-column elementor-element elementor-element-031f222\" data-id=\"031f222\" data-element_type=\"column\" data-e-type=\"column\">\n\t\t\t<div class=\"elementor-widget-wrap elementor-element-populated\">\n\t\t\t\t\t\t<div class=\"elementor-element elementor-element-7081e6a elementor-widget elementor-widget-button\" data-id=\"7081e6a\" data-element_type=\"widget\" data-e-type=\"widget\" data-widget_type=\"button.default\">\n\t\t\t\t<div class=\"elementor-widget-container\">\n\t\t\t\t\t\t\t\t\t<div class=\"elementor-button-wrapper\">\n\t\t\t\t\t<a class=\"elementor-button elementor-button-link elementor-size-sm\" href=\"https:\/\/nett.pro\/spill\/chichuahua-adventures\/chihuahua-adventures-iphone.ipa\">\n\t\t\t\t\t\t<span class=\"elementor-button-content-wrapper\">\n\t\t\t\t\t\t\t\t\t<span class=\"elementor-button-text\">Download app ( iphone )<\/span>\n\t\t\t\t\t<\/span>\n\t\t\t\t\t<\/a>\n\t\t\t\t<\/div>\n\t\t\t\t\t\t\t\t<\/div>\n\t\t\t\t<\/div>\n\t\t\t\t\t<\/div>\n\t\t<\/div>\n\t\t\t\t\t<\/div>\n\t\t<\/section>\n\t\t\t\t\t<\/div>\n\t\t<\/div>\n\t\t\t\t\t<\/div>\n\t\t<\/section>\n\t\t\t\t<\/div>","protected":false},"excerpt":{"rendered":"<p>Gamle javascript spill Noen eksempler p\u00e5 sm\u00e5spill jeg har laget. Referanser: Kronesautomat, kronespill. Klikk en gang p\u00e5 spillet for \u00e5 fokusere tastaturet. Hold inne venstrepilen til \u00f8nsket kraft er oppn\u00e5dd og slipp. Cleanbet Super Slot Machine.\u00a0 Last ned app ( Android )<\/p>","protected":false},"author":1,"featured_media":0,"parent":0,"menu_order":0,"comment_status":"closed","ping_status":"closed","template":"elementor_header_footer","meta":{"footnotes":""},"class_list":["post-5747","page","type-page","status-publish","hentry"],"yoast_head":"<!-- This site is optimized with the Yoast SEO plugin v27.4 - https:\/\/yoast.com\/product\/yoast-seo-wordpress\/ -->\n<title>Referanser - Gamle javascript spill - NETT.PRO<\/title>\n<meta name=\"description\" content=\"Referanser, gamle spill. Sjekk ut mine javascript spill fra internetts spede begynnelse.\" \/>\n<meta name=\"robots\" content=\"index, follow, max-snippet:-1, max-image-preview:large, max-video-preview:-1\" \/>\n<link rel=\"canonical\" href=\"https:\/\/nett.pro\/en\/referanser-gamle-javascript-spill\/\" \/>\n<meta property=\"og:locale\" content=\"en_US\" \/>\n<meta property=\"og:type\" content=\"article\" \/>\n<meta property=\"og:title\" content=\"Referanser - Gamle javascript spill - NETT.PRO\" \/>\n<meta property=\"og:description\" content=\"Referanser, gamle spill. Sjekk ut mine javascript spill fra internetts spede begynnelse.\" \/>\n<meta property=\"og:url\" content=\"https:\/\/nett.pro\/en\/referanser-gamle-javascript-spill\/\" \/>\n<meta property=\"og:site_name\" content=\"NETT.PRO\" \/>\n<meta property=\"article:modified_time\" content=\"2023-01-11T00:10:49+00:00\" \/>\n<meta property=\"og:image\" content=\"https:\/\/nett.pro\/wp-content\/uploads\/2022\/12\/referanser-spill.gif\" \/>\n<meta name=\"twitter:card\" content=\"summary_large_image\" \/>\n<meta name=\"twitter:label1\" content=\"Est. reading time\" \/>\n\t<meta name=\"twitter:data1\" content=\"1 minute\" \/>\n<script type=\"application\/ld+json\" class=\"yoast-schema-graph\">{\"@context\":\"https:\\\/\\\/schema.org\",\"@graph\":[{\"@type\":\"WebPage\",\"@id\":\"https:\\\/\\\/nett.pro\\\/referanser-gamle-javascript-spill\\\/\",\"url\":\"https:\\\/\\\/nett.pro\\\/referanser-gamle-javascript-spill\\\/\",\"name\":\"Referanser - Gamle javascript spill - NETT.PRO\",\"isPartOf\":{\"@id\":\"https:\\\/\\\/nett.pro\\\/#website\"},\"primaryImageOfPage\":{\"@id\":\"https:\\\/\\\/nett.pro\\\/referanser-gamle-javascript-spill\\\/#primaryimage\"},\"image\":{\"@id\":\"https:\\\/\\\/nett.pro\\\/referanser-gamle-javascript-spill\\\/#primaryimage\"},\"thumbnailUrl\":\"https:\\\/\\\/nett.pro\\\/wp-content\\\/uploads\\\/2022\\\/12\\\/referanser-spill.gif\",\"datePublished\":\"2022-12-26T15:28:39+00:00\",\"dateModified\":\"2023-01-11T00:10:49+00:00\",\"description\":\"Referanser, gamle spill. Sjekk ut mine javascript spill fra internetts spede begynnelse.\",\"breadcrumb\":{\"@id\":\"https:\\\/\\\/nett.pro\\\/referanser-gamle-javascript-spill\\\/#breadcrumb\"},\"inLanguage\":\"en-US\",\"potentialAction\":[{\"@type\":\"ReadAction\",\"target\":[\"https:\\\/\\\/nett.pro\\\/referanser-gamle-javascript-spill\\\/\"]}]},{\"@type\":\"ImageObject\",\"inLanguage\":\"en-US\",\"@id\":\"https:\\\/\\\/nett.pro\\\/referanser-gamle-javascript-spill\\\/#primaryimage\",\"url\":\"https:\\\/\\\/nett.pro\\\/wp-content\\\/uploads\\\/2022\\\/12\\\/referanser-spill.gif\",\"contentUrl\":\"https:\\\/\\\/nett.pro\\\/wp-content\\\/uploads\\\/2022\\\/12\\\/referanser-spill.gif\"},{\"@type\":\"BreadcrumbList\",\"@id\":\"https:\\\/\\\/nett.pro\\\/referanser-gamle-javascript-spill\\\/#breadcrumb\",\"itemListElement\":[{\"@type\":\"ListItem\",\"position\":1,\"name\":\"Velkommen\",\"item\":\"https:\\\/\\\/nett.pro\\\/\"},{\"@type\":\"ListItem\",\"position\":2,\"name\":\"Referanser &#8211; Gamle javascript spill\"}]},{\"@type\":\"WebSite\",\"@id\":\"https:\\\/\\\/nett.pro\\\/#website\",\"url\":\"https:\\\/\\\/nett.pro\\\/\",\"name\":\"NETT.PRO\",\"description\":\"Nettsider til firma og privatpersoner\",\"publisher\":{\"@id\":\"https:\\\/\\\/nett.pro\\\/#organization\"},\"potentialAction\":[{\"@type\":\"SearchAction\",\"target\":{\"@type\":\"EntryPoint\",\"urlTemplate\":\"https:\\\/\\\/nett.pro\\\/?s={search_term_string}\"},\"query-input\":{\"@type\":\"PropertyValueSpecification\",\"valueRequired\":true,\"valueName\":\"search_term_string\"}}],\"inLanguage\":\"en-US\"},{\"@type\":\"Organization\",\"@id\":\"https:\\\/\\\/nett.pro\\\/#organization\",\"name\":\"NETT.PRO\",\"url\":\"https:\\\/\\\/nett.pro\\\/\",\"logo\":{\"@type\":\"ImageObject\",\"inLanguage\":\"en-US\",\"@id\":\"https:\\\/\\\/nett.pro\\\/#\\\/schema\\\/logo\\\/image\\\/\",\"url\":\"\",\"contentUrl\":\"\",\"caption\":\"NETT.PRO\"},\"image\":{\"@id\":\"https:\\\/\\\/nett.pro\\\/#\\\/schema\\\/logo\\\/image\\\/\"}}]}<\/script>\n<!-- \/ Yoast SEO plugin. -->","yoast_head_json":{"title":"Referanser - Gamle javascript spill - NETT.PRO","description":"Referanser, gamle spill. Sjekk ut mine javascript spill fra internetts spede begynnelse.","robots":{"index":"index","follow":"follow","max-snippet":"max-snippet:-1","max-image-preview":"max-image-preview:large","max-video-preview":"max-video-preview:-1"},"canonical":"https:\/\/nett.pro\/en\/referanser-gamle-javascript-spill\/","og_locale":"en_US","og_type":"article","og_title":"Referanser - Gamle javascript spill - NETT.PRO","og_description":"Referanser, gamle spill. Sjekk ut mine javascript spill fra internetts spede begynnelse.","og_url":"https:\/\/nett.pro\/en\/referanser-gamle-javascript-spill\/","og_site_name":"NETT.PRO","article_modified_time":"2023-01-11T00:10:49+00:00","og_image":[{"url":"https:\/\/nett.pro\/wp-content\/uploads\/2022\/12\/referanser-spill.gif","type":"","width":"","height":""}],"twitter_card":"summary_large_image","twitter_misc":{"Est. reading time":"1 minute"},"schema":{"@context":"https:\/\/schema.org","@graph":[{"@type":"WebPage","@id":"https:\/\/nett.pro\/referanser-gamle-javascript-spill\/","url":"https:\/\/nett.pro\/referanser-gamle-javascript-spill\/","name":"Referanser - Gamle javascript spill - NETT.PRO","isPartOf":{"@id":"https:\/\/nett.pro\/#website"},"primaryImageOfPage":{"@id":"https:\/\/nett.pro\/referanser-gamle-javascript-spill\/#primaryimage"},"image":{"@id":"https:\/\/nett.pro\/referanser-gamle-javascript-spill\/#primaryimage"},"thumbnailUrl":"https:\/\/nett.pro\/wp-content\/uploads\/2022\/12\/referanser-spill.gif","datePublished":"2022-12-26T15:28:39+00:00","dateModified":"2023-01-11T00:10:49+00:00","description":"Referanser, gamle spill. Sjekk ut mine javascript spill fra internetts spede begynnelse.","breadcrumb":{"@id":"https:\/\/nett.pro\/referanser-gamle-javascript-spill\/#breadcrumb"},"inLanguage":"en-US","potentialAction":[{"@type":"ReadAction","target":["https:\/\/nett.pro\/referanser-gamle-javascript-spill\/"]}]},{"@type":"ImageObject","inLanguage":"en-US","@id":"https:\/\/nett.pro\/referanser-gamle-javascript-spill\/#primaryimage","url":"https:\/\/nett.pro\/wp-content\/uploads\/2022\/12\/referanser-spill.gif","contentUrl":"https:\/\/nett.pro\/wp-content\/uploads\/2022\/12\/referanser-spill.gif"},{"@type":"BreadcrumbList","@id":"https:\/\/nett.pro\/referanser-gamle-javascript-spill\/#breadcrumb","itemListElement":[{"@type":"ListItem","position":1,"name":"Velkommen","item":"https:\/\/nett.pro\/"},{"@type":"ListItem","position":2,"name":"Referanser &#8211; Gamle javascript spill"}]},{"@type":"WebSite","@id":"https:\/\/nett.pro\/#website","url":"https:\/\/nett.pro\/","name":"NETT.PRO","description":"Nettsider til firma og privatpersoner","publisher":{"@id":"https:\/\/nett.pro\/#organization"},"potentialAction":[{"@type":"SearchAction","target":{"@type":"EntryPoint","urlTemplate":"https:\/\/nett.pro\/?s={search_term_string}"},"query-input":{"@type":"PropertyValueSpecification","valueRequired":true,"valueName":"search_term_string"}}],"inLanguage":"en-US"},{"@type":"Organization","@id":"https:\/\/nett.pro\/#organization","name":"NETT.PRO","url":"https:\/\/nett.pro\/","logo":{"@type":"ImageObject","inLanguage":"en-US","@id":"https:\/\/nett.pro\/#\/schema\/logo\/image\/","url":"","contentUrl":"","caption":"NETT.PRO"},"image":{"@id":"https:\/\/nett.pro\/#\/schema\/logo\/image\/"}}]}},"_links":{"self":[{"href":"https:\/\/nett.pro\/en\/wp-json\/wp\/v2\/pages\/5747","targetHints":{"allow":["GET"]}}],"collection":[{"href":"https:\/\/nett.pro\/en\/wp-json\/wp\/v2\/pages"}],"about":[{"href":"https:\/\/nett.pro\/en\/wp-json\/wp\/v2\/types\/page"}],"author":[{"embeddable":true,"href":"https:\/\/nett.pro\/en\/wp-json\/wp\/v2\/users\/1"}],"replies":[{"embeddable":true,"href":"https:\/\/nett.pro\/en\/wp-json\/wp\/v2\/comments?post=5747"}],"version-history":[{"count":197,"href":"https:\/\/nett.pro\/en\/wp-json\/wp\/v2\/pages\/5747\/revisions"}],"predecessor-version":[{"id":6057,"href":"https:\/\/nett.pro\/en\/wp-json\/wp\/v2\/pages\/5747\/revisions\/6057"}],"wp:attachment":[{"href":"https:\/\/nett.pro\/en\/wp-json\/wp\/v2\/media?parent=5747"}],"curies":[{"name":"wp","href":"https:\/\/api.w.org\/{rel}","templated":true}]}}