{"id":6889,"date":"2023-08-21T21:53:48","date_gmt":"2023-08-21T21:53:48","guid":{"rendered":"https:\/\/nett.pro\/?page_id=6889"},"modified":"2025-01-30T18:28:01","modified_gmt":"2025-01-30T17:28:01","slug":"personvern-sikkerhet","status":"publish","type":"page","link":"https:\/\/nett.pro\/en\/personvern-sikkerhet\/","title":{"rendered":"Personvern og sikkerhet"},"content":{"rendered":"<div data-elementor-type=\"wp-page\" data-elementor-id=\"6889\" class=\"elementor elementor-6889\">\n\t\t\t\t\t\t<section class=\"elementor-section elementor-top-section elementor-element elementor-element-2844072 elementor-section-height-min-height elementor-section-boxed elementor-section-height-default elementor-section-items-middle\" data-id=\"2844072\" data-element_type=\"section\" data-e-type=\"section\" data-settings=\"{&quot;background_background&quot;:&quot;video&quot;,&quot;background_video_link&quot;:&quot;https:\\\/\\\/nett.pro\\\/wp-content\\\/uploads\\\/2023\\\/08\\\/privacy.mp4&quot;,&quot;shape_divider_bottom&quot;:&quot;opacity-tilt&quot;}\">\n\t\t\t\t\t\t\t\t<div class=\"elementor-background-video-container elementor-hidden-mobile\">\n\t\t\t\t\t\t\t\t\t\t\t\t\t<video class=\"elementor-background-video-hosted\" role=\"presentation\" autoplay muted playsinline loop><\/video>\n\t\t\t\t\t\t\t\t\t\t\t<\/div>\n\t\t\t\t\t\t\t\t\t<div class=\"elementor-background-overlay\"><\/div>\n\t\t\t\t\t\t<div class=\"elementor-shape elementor-shape-bottom\" aria-hidden=\"true\" data-negative=\"false\">\n\t\t\t<svg xmlns=\"http:\/\/www.w3.org\/2000\/svg\" viewbox=\"0 0 2600 131.1\" preserveaspectratio=\"none\">\n\t<path class=\"elementor-shape-fill\" d=\"M0 0L2600 0 2600 69.1 0 0z\"\/>\n\t<path class=\"elementor-shape-fill\" style=\"opacity:0.5\" d=\"M0 0L2600 0 2600 69.1 0 69.1z\"\/>\n\t<path class=\"elementor-shape-fill\" style=\"opacity:0.25\" d=\"M2600 0L0 0 0 130.1 2600 69.1z\"\/>\n<\/svg>\t\t<\/div>\n\t\t\t\t\t<div class=\"elementor-container elementor-column-gap-default\">\n\t\t\t\t\t<div class=\"elementor-column elementor-col-50 elementor-top-column elementor-element elementor-element-d052869\" data-id=\"d052869\" data-element_type=\"column\" data-e-type=\"column\">\n\t\t\t<div class=\"elementor-widget-wrap elementor-element-populated\">\n\t\t\t\t\t\t<div class=\"elementor-element elementor-element-716132c elementor-widget elementor-widget-spacer\" data-id=\"716132c\" data-element_type=\"widget\" data-e-type=\"widget\" data-widget_type=\"spacer.default\">\n\t\t\t\t<div class=\"elementor-widget-container\">\n\t\t\t\t\t\t\t<div class=\"elementor-spacer\">\n\t\t\t<div class=\"elementor-spacer-inner\"><\/div>\n\t\t<\/div>\n\t\t\t\t\t\t<\/div>\n\t\t\t\t<\/div>\n\t\t\t\t<div class=\"elementor-element elementor-element-270a4a0 elementor-invisible elementor-widget elementor-widget-heading\" data-id=\"270a4a0\" data-element_type=\"widget\" data-e-type=\"widget\" data-settings=\"{&quot;_animation&quot;:&quot;fadeInRight&quot;}\" data-widget_type=\"heading.default\">\n\t\t\t\t<div class=\"elementor-widget-container\">\n\t\t\t\t\t<h2 class=\"elementor-heading-title elementor-size-default\">Privacy and Security<\/h2>\t\t\t\t<\/div>\n\t\t\t\t<\/div>\n\t\t\t\t<div class=\"elementor-element elementor-element-e09b452 elementor-widget elementor-widget-spacer\" data-id=\"e09b452\" data-element_type=\"widget\" data-e-type=\"widget\" data-widget_type=\"spacer.default\">\n\t\t\t\t<div class=\"elementor-widget-container\">\n\t\t\t\t\t\t\t<div class=\"elementor-spacer\">\n\t\t\t<div class=\"elementor-spacer-inner\"><\/div>\n\t\t<\/div>\n\t\t\t\t\t\t<\/div>\n\t\t\t\t<\/div>\n\t\t\t\t\t<\/div>\n\t\t<\/div>\n\t\t\t\t<div class=\"elementor-column elementor-col-50 elementor-top-column elementor-element elementor-element-d77e991\" data-id=\"d77e991\" data-element_type=\"column\" data-e-type=\"column\">\n\t\t\t<div class=\"elementor-widget-wrap\">\n\t\t\t\t\t\t\t<\/div>\n\t\t<\/div>\n\t\t\t\t\t<\/div>\n\t\t<\/section>\n\t\t\t\t<section class=\"elementor-section elementor-top-section elementor-element elementor-element-baa28f9 elementor-section-boxed elementor-section-height-default elementor-section-height-default\" data-id=\"baa28f9\" data-element_type=\"section\" data-e-type=\"section\" data-settings=\"{&quot;background_background&quot;:&quot;video&quot;}\">\n\t\t\t\t\t\t<div class=\"elementor-container elementor-column-gap-default\">\n\t\t\t\t\t<div class=\"elementor-column elementor-col-100 elementor-top-column elementor-element elementor-element-37cfd41\" data-id=\"37cfd41\" data-element_type=\"column\" data-e-type=\"column\">\n\t\t\t<div class=\"elementor-widget-wrap elementor-element-populated\">\n\t\t\t\t\t\t<div class=\"elementor-element elementor-element-b4362a9 animated-slow elementor-invisible elementor-widget elementor-widget-text-editor\" data-id=\"b4362a9\" data-element_type=\"widget\" data-e-type=\"widget\" data-settings=\"{&quot;_animation&quot;:&quot;fadeInUp&quot;,&quot;_animation_delay&quot;:200}\" data-widget_type=\"text-editor.default\">\n\t\t\t\t<div class=\"elementor-widget-container\">\n\t\t\t\t\t\t\t\t\t<p>We take your privacy seriously. We are committed to protecting your personal information and ensuring that your interactions with us are safe and transparent.<\/p><h3 class=\"mb-2 mt-6 text-lg first:mt-3\">Collection and use of personal data<\/h3><p>We only collect personal information that is necessary to provide our website development and software development services. This may include:<\/p><ul class=\"marker:text-textOff list-disc pl-8\"><li>Name<\/li><li>Email address<\/li><li>Telephone number<\/li><li>Company name (if applicable)<\/li><\/ul><p><strong>Purpose of data collection:<\/strong><\/p><ul class=\"marker:text-textOff list-disc pl-8\"><li>Communication with customers<\/li><li>Delivery of agreed services<\/li><li>Improving our services<\/li><\/ul><h3 class=\"mb-2 mt-6 text-lg first:mt-3\">Information sharing<\/h3><p>We do not share your personal information with third parties or outsiders, unless:<\/p><ul class=\"marker:text-textOff list-disc pl-8\"><li>It is expressly agreed with you<\/li><li>It is required by law<\/li><\/ul><h3 class=\"mb-2 mt-6 text-lg first:mt-3\">Use of cookies<\/h3><p>Nett.pro uses cookies to improve the user experience on our website. These help us to:<\/p><ul class=\"marker:text-textOff list-disc pl-8\"><li>Remember your preferences<\/li><li>Analyzing website traffic<\/li><li>Customize content<\/li><\/ul><p>You can change your cookie settings in your browser at any time.<\/p><h3 class=\"mb-2 mt-6 text-lg first:mt-3\">Data security<\/h3><p>We implement strict security measures to protect your personal information from unauthorized access, alteration, disclosure or destruction.<\/p><h3 class=\"mb-2 mt-6 text-lg first:mt-3\">Your rights<\/h3><p>You have the right to:<\/p><ul class=\"marker:text-textOff list-disc pl-8\"><li>Access your personal data<\/li><li>Correct incorrect information<\/li><li>Delete your data (with certain limitations)<\/li><li>Withdraw consent to data processing<\/li><\/ul><h3 class=\"mb-2 mt-6 text-lg first:mt-3\">Contact us<\/h3><p class=\"translation-block\">Do you have any questions about our privacy practices? Contact us at: Email: post@nett.pro<br>Phone: (+47)33503355 SMS: (+47)41180777. The fastest way to get in touch is to send an SMS.<\/p><h3 class=\"mb-2 mt-6 text-lg first:mt-3\">Privacy Policy Updates<\/h3><p>This Privacy Policy may be updated from time to time. We encourage you to check this page regularly for any changes. Last updated: January 30, 2025.<\/p>\t\t\t\t\t\t\t\t<\/div>\n\t\t\t\t<\/div>\n\t\t\t\t\t<\/div>\n\t\t<\/div>\n\t\t\t\t\t<\/div>\n\t\t<\/section>\n\t\t\t\t<\/div>","protected":false},"excerpt":{"rendered":"<p>Personvern &amp; Sikkerhet Vi tar ditt personvern p\u00e5 alvor. Vi er forpliktet til \u00e5 beskytte dine personopplysninger og sikre at din interaksjon med oss er trygg og transparent. Innsamling og bruk av personopplysninger Vi samler kun inn personopplysninger som er n\u00f8dvendige for \u00e5 levere v\u00e5re tjenester innen nettside-utvikling og programvare-utvikling. Dette kan inkludere: Navn E-postadresse [&hellip;]<\/p>\n","protected":false},"author":1,"featured_media":0,"parent":0,"menu_order":0,"comment_status":"closed","ping_status":"closed","template":"elementor_header_footer","meta":{"footnotes":""},"class_list":["post-6889","page","type-page","status-publish","hentry"],"yoast_head":"<!-- This site is optimized with the Yoast SEO plugin v27.6 - https:\/\/yoast.com\/product\/yoast-seo-wordpress\/ -->\n<title>Personvern og sikkerhet - NETT.PRO<\/title>\n<meta name=\"description\" content=\"Personvern og sikkerhet informasjon. Innsamling av data. Bearbeiding og bruk av personlige opplysninger. Form\u00e5l og rettigheter.\" \/>\n<meta name=\"robots\" content=\"index, follow, max-snippet:-1, max-image-preview:large, max-video-preview:-1\" \/>\n<link rel=\"canonical\" href=\"https:\/\/nett.pro\/en\/personvern-sikkerhet\/\" \/>\n<meta property=\"og:locale\" content=\"en_US\" \/>\n<meta property=\"og:type\" content=\"article\" \/>\n<meta property=\"og:title\" content=\"Personvern og sikkerhet - NETT.PRO\" \/>\n<meta property=\"og:description\" content=\"Personvern og sikkerhet informasjon. Innsamling av data. Bearbeiding og bruk av personlige opplysninger. Form\u00e5l og rettigheter.\" \/>\n<meta property=\"og:url\" content=\"https:\/\/nett.pro\/en\/personvern-sikkerhet\/\" \/>\n<meta property=\"og:site_name\" content=\"NETT.PRO\" \/>\n<meta property=\"article:modified_time\" content=\"2025-01-30T17:28:01+00:00\" \/>\n<meta name=\"twitter:card\" content=\"summary_large_image\" \/>\n<meta name=\"twitter:label1\" content=\"Est. reading time\" \/>\n\t<meta name=\"twitter:data1\" content=\"2 minutes\" \/>\n<script type=\"application\/ld+json\" class=\"yoast-schema-graph\">{\"@context\":\"https:\\\/\\\/schema.org\",\"@graph\":[{\"@type\":\"WebPage\",\"@id\":\"https:\\\/\\\/nett.pro\\\/personvern-sikkerhet\\\/\",\"url\":\"https:\\\/\\\/nett.pro\\\/personvern-sikkerhet\\\/\",\"name\":\"Personvern og sikkerhet - NETT.PRO\",\"isPartOf\":{\"@id\":\"https:\\\/\\\/nett.pro\\\/#website\"},\"datePublished\":\"2023-08-21T21:53:48+00:00\",\"dateModified\":\"2025-01-30T17:28:01+00:00\",\"description\":\"Personvern og sikkerhet informasjon. Innsamling av data. Bearbeiding og bruk av personlige opplysninger. Form\u00e5l og rettigheter.\",\"breadcrumb\":{\"@id\":\"https:\\\/\\\/nett.pro\\\/personvern-sikkerhet\\\/#breadcrumb\"},\"inLanguage\":\"en-US\",\"potentialAction\":[{\"@type\":\"ReadAction\",\"target\":[\"https:\\\/\\\/nett.pro\\\/personvern-sikkerhet\\\/\"]}]},{\"@type\":\"BreadcrumbList\",\"@id\":\"https:\\\/\\\/nett.pro\\\/personvern-sikkerhet\\\/#breadcrumb\",\"itemListElement\":[{\"@type\":\"ListItem\",\"position\":1,\"name\":\"Velkommen\",\"item\":\"https:\\\/\\\/nett.pro\\\/\"},{\"@type\":\"ListItem\",\"position\":2,\"name\":\"Personvern og sikkerhet\"}]},{\"@type\":\"WebSite\",\"@id\":\"https:\\\/\\\/nett.pro\\\/#website\",\"url\":\"https:\\\/\\\/nett.pro\\\/\",\"name\":\"NETT.PRO\",\"description\":\"Nettsider til firma og privatpersoner\",\"publisher\":{\"@id\":\"https:\\\/\\\/nett.pro\\\/#organization\"},\"potentialAction\":[{\"@type\":\"SearchAction\",\"target\":{\"@type\":\"EntryPoint\",\"urlTemplate\":\"https:\\\/\\\/nett.pro\\\/?s={search_term_string}\"},\"query-input\":{\"@type\":\"PropertyValueSpecification\",\"valueRequired\":true,\"valueName\":\"search_term_string\"}}],\"inLanguage\":\"en-US\"},{\"@type\":\"Organization\",\"@id\":\"https:\\\/\\\/nett.pro\\\/#organization\",\"name\":\"NETT.PRO\",\"url\":\"https:\\\/\\\/nett.pro\\\/\",\"logo\":{\"@type\":\"ImageObject\",\"inLanguage\":\"en-US\",\"@id\":\"https:\\\/\\\/nett.pro\\\/#\\\/schema\\\/logo\\\/image\\\/\",\"url\":\"\",\"contentUrl\":\"\",\"caption\":\"NETT.PRO\"},\"image\":{\"@id\":\"https:\\\/\\\/nett.pro\\\/#\\\/schema\\\/logo\\\/image\\\/\"}}]}<\/script>\n<!-- \/ Yoast SEO plugin. -->","yoast_head_json":{"title":"Personvern og sikkerhet - NETT.PRO","description":"Personvern og sikkerhet informasjon. Innsamling av data. Bearbeiding og bruk av personlige opplysninger. Form\u00e5l og rettigheter.","robots":{"index":"index","follow":"follow","max-snippet":"max-snippet:-1","max-image-preview":"max-image-preview:large","max-video-preview":"max-video-preview:-1"},"canonical":"https:\/\/nett.pro\/en\/personvern-sikkerhet\/","og_locale":"en_US","og_type":"article","og_title":"Personvern og sikkerhet - NETT.PRO","og_description":"Personvern og sikkerhet informasjon. Innsamling av data. Bearbeiding og bruk av personlige opplysninger. Form\u00e5l og rettigheter.","og_url":"https:\/\/nett.pro\/en\/personvern-sikkerhet\/","og_site_name":"NETT.PRO","article_modified_time":"2025-01-30T17:28:01+00:00","twitter_card":"summary_large_image","twitter_misc":{"Est. reading time":"2 minutes"},"schema":{"@context":"https:\/\/schema.org","@graph":[{"@type":"WebPage","@id":"https:\/\/nett.pro\/personvern-sikkerhet\/","url":"https:\/\/nett.pro\/personvern-sikkerhet\/","name":"Personvern og sikkerhet - NETT.PRO","isPartOf":{"@id":"https:\/\/nett.pro\/#website"},"datePublished":"2023-08-21T21:53:48+00:00","dateModified":"2025-01-30T17:28:01+00:00","description":"Personvern og sikkerhet informasjon. Innsamling av data. Bearbeiding og bruk av personlige opplysninger. Form\u00e5l og rettigheter.","breadcrumb":{"@id":"https:\/\/nett.pro\/personvern-sikkerhet\/#breadcrumb"},"inLanguage":"en-US","potentialAction":[{"@type":"ReadAction","target":["https:\/\/nett.pro\/personvern-sikkerhet\/"]}]},{"@type":"BreadcrumbList","@id":"https:\/\/nett.pro\/personvern-sikkerhet\/#breadcrumb","itemListElement":[{"@type":"ListItem","position":1,"name":"Velkommen","item":"https:\/\/nett.pro\/"},{"@type":"ListItem","position":2,"name":"Personvern og sikkerhet"}]},{"@type":"WebSite","@id":"https:\/\/nett.pro\/#website","url":"https:\/\/nett.pro\/","name":"NETT.PRO","description":"Nettsider til firma og privatpersoner","publisher":{"@id":"https:\/\/nett.pro\/#organization"},"potentialAction":[{"@type":"SearchAction","target":{"@type":"EntryPoint","urlTemplate":"https:\/\/nett.pro\/?s={search_term_string}"},"query-input":{"@type":"PropertyValueSpecification","valueRequired":true,"valueName":"search_term_string"}}],"inLanguage":"en-US"},{"@type":"Organization","@id":"https:\/\/nett.pro\/#organization","name":"NETT.PRO","url":"https:\/\/nett.pro\/","logo":{"@type":"ImageObject","inLanguage":"en-US","@id":"https:\/\/nett.pro\/#\/schema\/logo\/image\/","url":"","contentUrl":"","caption":"NETT.PRO"},"image":{"@id":"https:\/\/nett.pro\/#\/schema\/logo\/image\/"}}]}},"_links":{"self":[{"href":"https:\/\/nett.pro\/en\/wp-json\/wp\/v2\/pages\/6889","targetHints":{"allow":["GET"]}}],"collection":[{"href":"https:\/\/nett.pro\/en\/wp-json\/wp\/v2\/pages"}],"about":[{"href":"https:\/\/nett.pro\/en\/wp-json\/wp\/v2\/types\/page"}],"author":[{"embeddable":true,"href":"https:\/\/nett.pro\/en\/wp-json\/wp\/v2\/users\/1"}],"replies":[{"embeddable":true,"href":"https:\/\/nett.pro\/en\/wp-json\/wp\/v2\/comments?post=6889"}],"version-history":[{"count":45,"href":"https:\/\/nett.pro\/en\/wp-json\/wp\/v2\/pages\/6889\/revisions"}],"predecessor-version":[{"id":9485,"href":"https:\/\/nett.pro\/en\/wp-json\/wp\/v2\/pages\/6889\/revisions\/9485"}],"wp:attachment":[{"href":"https:\/\/nett.pro\/en\/wp-json\/wp\/v2\/media?parent=6889"}],"curies":[{"name":"wp","href":"https:\/\/api.w.org\/{rel}","templated":true}]}}