{"id":7958,"date":"2024-06-06T21:44:59","date_gmt":"2024-06-06T19:44:59","guid":{"rendered":"https:\/\/nett.pro\/?page_id=7958"},"modified":"2024-08-26T21:25:26","modified_gmt":"2024-08-26T19:25:26","slug":"om-oss","status":"publish","type":"page","link":"https:\/\/nett.pro\/en\/om-oss\/","title":{"rendered":"About us"},"content":{"rendered":"<div data-elementor-type=\"wp-page\" data-elementor-id=\"7958\" class=\"elementor elementor-7958\">\n\t\t\t\t<div class=\"elementor-element elementor-element-63f7ce8 e-flex e-con-boxed e-con e-parent\" data-id=\"63f7ce8\" data-element_type=\"container\" data-e-type=\"container\">\n\t\t\t\t\t<div class=\"e-con-inner\">\n\t\t<div class=\"elementor-element elementor-element-281fbf7 e-con-full e-flex e-con e-child\" data-id=\"281fbf7\" data-element_type=\"container\" data-e-type=\"container\" data-settings=\"{&quot;background_background&quot;:&quot;classic&quot;}\">\n\t\t\t\t<\/div>\n\t\t<div class=\"elementor-element elementor-element-bf3e87e e-con-full e-flex elementor-invisible e-con e-child\" data-id=\"bf3e87e\" data-element_type=\"container\" data-e-type=\"container\" data-settings=\"{&quot;animation&quot;:&quot;fadeInLeft&quot;,&quot;animation_delay&quot;:300}\">\n\t\t\t\t<div class=\"elementor-element elementor-element-8961590 elementor-widget elementor-widget-heading\" data-id=\"8961590\" data-element_type=\"widget\" data-e-type=\"widget\" data-widget_type=\"heading.default\">\n\t\t\t\t<div class=\"elementor-widget-container\">\n\t\t\t\t\t<h2 class=\"elementor-heading-title elementor-size-default\">About us<\/h2>\t\t\t\t<\/div>\n\t\t\t\t<\/div>\n\t\t\t\t<div class=\"elementor-element elementor-element-0e34062 elementor-widget elementor-widget-text-editor\" data-id=\"0e34062\" data-element_type=\"widget\" data-e-type=\"widget\" data-widget_type=\"text-editor.default\">\n\t\t\t\t<div class=\"elementor-widget-container\">\n\t\t\t\t\t\t\t\t\t<p style=\"text-align: justify;\">LabLogic Larsen is a sole proprietorship with a main focus on the development and operation of websites.<br><br>\nOur goal is to develop stylish and user-friendly websites at competitive prices. We have many years of experience in developing everything from simple websites to more complex solutions.<\/p>\t\t\t\t\t\t\t\t<\/div>\n\t\t\t\t<\/div>\n\t\t\t\t<\/div>\n\t\t\t\t\t<\/div>\n\t\t\t\t<\/div>\n\t\t<div class=\"elementor-element elementor-element-52b6463 animated-slow e-flex e-con-boxed elementor-invisible e-con e-parent\" data-id=\"52b6463\" data-element_type=\"container\" data-e-type=\"container\" data-settings=\"{&quot;animation&quot;:&quot;fadeIn&quot;}\">\n\t\t\t\t\t<div class=\"e-con-inner\">\n\t\t\t\t<div class=\"elementor-element elementor-element-d06517b elementor-widget elementor-widget-heading\" data-id=\"d06517b\" data-element_type=\"widget\" data-e-type=\"widget\" data-widget_type=\"heading.default\">\n\t\t\t\t<div class=\"elementor-widget-container\">\n\t\t\t\t\t<h2 class=\"elementor-heading-title elementor-size-default\">An environmentally friendly company<\/h2>\t\t\t\t<\/div>\n\t\t\t\t<\/div>\n\t\t\t\t<div class=\"elementor-element elementor-element-9e20c39 elementor-widget elementor-widget-text-editor\" data-id=\"9e20c39\" data-element_type=\"widget\" data-e-type=\"widget\" data-widget_type=\"text-editor.default\">\n\t\t\t\t<div class=\"elementor-widget-container\">\n\t\t\t\t\t\t\t\t\t<p class=\"translation-block\">We are powered by energy from the sun! During the summer months, we are 100% self-sufficient via solar cells. In the winter months, some compensation is made via alternative energy sources. Company information: <strong><em>Lablogic Larsen Bonaunvegen 204<\/em>,\u00a0 post@nett.pro, (+47) 411 80 777 , org 913035704MVA<\/strong><\/p>\t\t\t\t\t\t\t\t<\/div>\n\t\t\t\t<\/div>\n\t\t\t\t\t<\/div>\n\t\t\t\t<\/div>\n\t\t<div class=\"elementor-element elementor-element-898ccc8 e-flex e-con-boxed e-con e-parent\" data-id=\"898ccc8\" data-element_type=\"container\" data-e-type=\"container\">\n\t\t\t\t\t<div class=\"e-con-inner\">\n\t\t<div class=\"elementor-element elementor-element-33633f4 e-con-full e-flex elementor-invisible e-con e-child\" data-id=\"33633f4\" data-element_type=\"container\" data-e-type=\"container\" data-settings=\"{&quot;background_background&quot;:&quot;gradient&quot;,&quot;animation&quot;:&quot;zoomIn&quot;,&quot;animation_delay&quot;:200}\">\n\t\t\t\t<div class=\"elementor-element elementor-element-415ff93 elementor-widget elementor-widget-heading\" data-id=\"415ff93\" data-element_type=\"widget\" data-e-type=\"widget\" data-widget_type=\"heading.default\">\n\t\t\t\t<div class=\"elementor-widget-container\">\n\t\t\t\t\t<h2 class=\"elementor-heading-title elementor-size-default\">Professional website for your business<\/h2>\t\t\t\t<\/div>\n\t\t\t\t<\/div>\n\t\t\t\t<div class=\"elementor-element elementor-element-5743bcc elementor-widget elementor-widget-text-editor\" data-id=\"5743bcc\" data-element_type=\"widget\" data-e-type=\"widget\" data-widget_type=\"text-editor.default\">\n\t\t\t\t<div class=\"elementor-widget-container\">\n\t\t\t\t\t\t\t\t\t<p>Think digital. Let us create a professional online presence for your business.<\/p>\t\t\t\t\t\t\t\t<\/div>\n\t\t\t\t<\/div>\n\t\t\t\t<div class=\"elementor-element elementor-element-0b52a59 elementor-align-right elementor-widget elementor-widget-button\" data-id=\"0b52a59\" data-element_type=\"widget\" data-e-type=\"widget\" data-widget_type=\"button.default\">\n\t\t\t\t<div class=\"elementor-widget-container\">\n\t\t\t\t\t\t\t\t\t<div class=\"elementor-button-wrapper\">\n\t\t\t\t\t<a class=\"elementor-button elementor-button-link elementor-size-sm\" href=\"https:\/\/nett.pro\/en\/Nettbutikk\/nettside-firma\/\">\n\t\t\t\t\t\t<span class=\"elementor-button-content-wrapper\">\n\t\t\t\t\t\t\t\t\t<span class=\"elementor-button-text\">Learn more..<\/span>\n\t\t\t\t\t<\/span>\n\t\t\t\t\t<\/a>\n\t\t\t\t<\/div>\n\t\t\t\t\t\t\t\t<\/div>\n\t\t\t\t<\/div>\n\t\t\t\t<\/div>\n\t\t<div class=\"elementor-element elementor-element-5476d3d e-con-full e-flex elementor-invisible e-con e-child\" data-id=\"5476d3d\" data-element_type=\"container\" data-e-type=\"container\" data-settings=\"{&quot;background_background&quot;:&quot;gradient&quot;,&quot;animation&quot;:&quot;zoomIn&quot;,&quot;animation_delay&quot;:600}\">\n\t\t\t\t<div class=\"elementor-element elementor-element-6cca286 elementor-widget elementor-widget-heading\" data-id=\"6cca286\" data-element_type=\"widget\" data-e-type=\"widget\" data-widget_type=\"heading.default\">\n\t\t\t\t<div class=\"elementor-widget-container\">\n\t\t\t\t\t<h2 class=\"elementor-heading-title elementor-size-default\">Do you dream of  your own online shop?<\/h2>\t\t\t\t<\/div>\n\t\t\t\t<\/div>\n\t\t\t\t<div class=\"elementor-element elementor-element-31cbcae elementor-widget elementor-widget-text-editor\" data-id=\"31cbcae\" data-element_type=\"widget\" data-e-type=\"widget\" data-widget_type=\"text-editor.default\">\n\t\t\t\t<div class=\"elementor-widget-container\">\n\t\t\t\t\t\t\t\t\t<p>Let us help you create a state-of-the-art online store with a payment solution.<\/p>\t\t\t\t\t\t\t\t<\/div>\n\t\t\t\t<\/div>\n\t\t\t\t<div class=\"elementor-element elementor-element-2fe32dd elementor-align-right elementor-widget elementor-widget-button\" data-id=\"2fe32dd\" data-element_type=\"widget\" data-e-type=\"widget\" data-widget_type=\"button.default\">\n\t\t\t\t<div class=\"elementor-widget-container\">\n\t\t\t\t\t\t\t\t\t<div class=\"elementor-button-wrapper\">\n\t\t\t\t\t<a class=\"elementor-button elementor-button-link elementor-size-sm\" href=\"https:\/\/nett.pro\/en\/Nettbutikk\/nettbutikk-med-betalinglosning\/\">\n\t\t\t\t\t\t<span class=\"elementor-button-content-wrapper\">\n\t\t\t\t\t\t\t\t\t<span class=\"elementor-button-text\">Learn more..<\/span>\n\t\t\t\t\t<\/span>\n\t\t\t\t\t<\/a>\n\t\t\t\t<\/div>\n\t\t\t\t\t\t\t\t<\/div>\n\t\t\t\t<\/div>\n\t\t\t\t<\/div>\n\t\t<div class=\"elementor-element elementor-element-6895201 e-con-full e-flex elementor-invisible e-con e-child\" data-id=\"6895201\" data-element_type=\"container\" data-e-type=\"container\" data-settings=\"{&quot;background_background&quot;:&quot;gradient&quot;,&quot;animation&quot;:&quot;zoomIn&quot;,&quot;animation_delay&quot;:800}\">\n\t\t\t\t<div class=\"elementor-element elementor-element-64c3533 elementor-widget elementor-widget-heading\" data-id=\"64c3533\" data-element_type=\"widget\" data-e-type=\"widget\" data-widget_type=\"heading.default\">\n\t\t\t\t<div class=\"elementor-widget-container\">\n\t\t\t\t\t<h2 class=\"elementor-heading-title elementor-size-default\">Do you have a hobby you like to present?<\/h2>\t\t\t\t<\/div>\n\t\t\t\t<\/div>\n\t\t\t\t<div class=\"elementor-element elementor-element-fc7b0e3 elementor-widget elementor-widget-text-editor\" data-id=\"fc7b0e3\" data-element_type=\"widget\" data-e-type=\"widget\" data-widget_type=\"text-editor.default\">\n\t\t\t\t<div class=\"elementor-widget-container\">\n\t\t\t\t\t\t\t\t\t<p>We will create a great websites to present your hobby online.<\/p>\t\t\t\t\t\t\t\t<\/div>\n\t\t\t\t<\/div>\n\t\t\t\t<div class=\"elementor-element elementor-element-619dc9d elementor-align-right elementor-widget elementor-widget-button\" data-id=\"619dc9d\" data-element_type=\"widget\" data-e-type=\"widget\" data-widget_type=\"button.default\">\n\t\t\t\t<div class=\"elementor-widget-container\">\n\t\t\t\t\t\t\t\t\t<div class=\"elementor-button-wrapper\">\n\t\t\t\t\t<a class=\"elementor-button elementor-button-link elementor-size-sm\" href=\"https:\/\/nett.pro\/en\/Nettbutikk\/nettside-privat-hjemmeside-nettsted-hobby-blog\/\">\n\t\t\t\t\t\t<span class=\"elementor-button-content-wrapper\">\n\t\t\t\t\t\t\t\t\t<span class=\"elementor-button-text\">Learn more..<\/span>\n\t\t\t\t\t<\/span>\n\t\t\t\t\t<\/a>\n\t\t\t\t<\/div>\n\t\t\t\t\t\t\t\t<\/div>\n\t\t\t\t<\/div>\n\t\t\t\t<\/div>\n\t\t\t\t\t<\/div>\n\t\t\t\t<\/div>\n\t\t\t\t<\/div>","protected":false},"excerpt":{"rendered":"<p>Om oss. LabLogic Larsen er et enkeltpersonforetak med hovedfokus\u00a0 p\u00e5\u00a0 utvikling og drift av nettsider. V\u00e5rt m\u00e5l er \u00e5 utvikle stilrene og brukervennlige nettsider til konkurransedyktige priser. Vi har mange \u00e5rs erfaring med \u00e5 utvikle alt fra enkle nettsider til mer komplekse l\u00f8sninger. En milj\u00f8vennlig bedrift Vi drives av energi fra solen! I sommerhalv\u00e5ret er [&hellip;]<\/p>\n","protected":false},"author":1,"featured_media":0,"parent":0,"menu_order":0,"comment_status":"closed","ping_status":"closed","template":"elementor_canvas","meta":{"footnotes":""},"class_list":["post-7958","page","type-page","status-publish","hentry"],"yoast_head":"<!-- This site is optimized with the Yoast SEO plugin v27.4 - https:\/\/yoast.com\/product\/yoast-seo-wordpress\/ -->\n<title>Om oss - NETT.PRO<\/title>\n<meta name=\"description\" content=\"Om firmaet. Vi er en milj\u00f8vennlig bedrift som hjelper andre firma lage brukervennlige og profesjonelle nettsider, eller hjemmeside.\" \/>\n<meta name=\"robots\" content=\"index, follow, max-snippet:-1, max-image-preview:large, max-video-preview:-1\" \/>\n<link rel=\"canonical\" href=\"https:\/\/nett.pro\/en\/om-oss\/\" \/>\n<meta property=\"og:locale\" content=\"en_US\" \/>\n<meta property=\"og:type\" content=\"article\" \/>\n<meta property=\"og:title\" content=\"Om oss - NETT.PRO\" \/>\n<meta property=\"og:description\" content=\"Om firmaet. Vi er en milj\u00f8vennlig bedrift som hjelper andre firma lage brukervennlige og profesjonelle nettsider, eller hjemmeside.\" \/>\n<meta property=\"og:url\" content=\"https:\/\/nett.pro\/en\/om-oss\/\" \/>\n<meta property=\"og:site_name\" content=\"NETT.PRO\" \/>\n<meta property=\"article:modified_time\" content=\"2024-08-26T19:25:26+00:00\" \/>\n<meta name=\"twitter:card\" content=\"summary_large_image\" \/>\n<meta name=\"twitter:label1\" content=\"Est. reading time\" \/>\n\t<meta name=\"twitter:data1\" content=\"1 minute\" \/>\n<script type=\"application\/ld+json\" class=\"yoast-schema-graph\">{\"@context\":\"https:\\\/\\\/schema.org\",\"@graph\":[{\"@type\":\"WebPage\",\"@id\":\"https:\\\/\\\/nett.pro\\\/om-oss\\\/\",\"url\":\"https:\\\/\\\/nett.pro\\\/om-oss\\\/\",\"name\":\"Om oss - NETT.PRO\",\"isPartOf\":{\"@id\":\"https:\\\/\\\/nett.pro\\\/#website\"},\"datePublished\":\"2024-06-06T19:44:59+00:00\",\"dateModified\":\"2024-08-26T19:25:26+00:00\",\"description\":\"Om firmaet. Vi er en milj\u00f8vennlig bedrift som hjelper andre firma lage brukervennlige og profesjonelle nettsider, eller hjemmeside.\",\"breadcrumb\":{\"@id\":\"https:\\\/\\\/nett.pro\\\/om-oss\\\/#breadcrumb\"},\"inLanguage\":\"en-US\",\"potentialAction\":[{\"@type\":\"ReadAction\",\"target\":[\"https:\\\/\\\/nett.pro\\\/om-oss\\\/\"]}]},{\"@type\":\"BreadcrumbList\",\"@id\":\"https:\\\/\\\/nett.pro\\\/om-oss\\\/#breadcrumb\",\"itemListElement\":[{\"@type\":\"ListItem\",\"position\":1,\"name\":\"Velkommen\",\"item\":\"https:\\\/\\\/nett.pro\\\/\"},{\"@type\":\"ListItem\",\"position\":2,\"name\":\"Om oss\"}]},{\"@type\":\"WebSite\",\"@id\":\"https:\\\/\\\/nett.pro\\\/#website\",\"url\":\"https:\\\/\\\/nett.pro\\\/\",\"name\":\"NETT.PRO\",\"description\":\"Nettsider til firma og privatpersoner\",\"publisher\":{\"@id\":\"https:\\\/\\\/nett.pro\\\/#organization\"},\"potentialAction\":[{\"@type\":\"SearchAction\",\"target\":{\"@type\":\"EntryPoint\",\"urlTemplate\":\"https:\\\/\\\/nett.pro\\\/?s={search_term_string}\"},\"query-input\":{\"@type\":\"PropertyValueSpecification\",\"valueRequired\":true,\"valueName\":\"search_term_string\"}}],\"inLanguage\":\"en-US\"},{\"@type\":\"Organization\",\"@id\":\"https:\\\/\\\/nett.pro\\\/#organization\",\"name\":\"NETT.PRO\",\"url\":\"https:\\\/\\\/nett.pro\\\/\",\"logo\":{\"@type\":\"ImageObject\",\"inLanguage\":\"en-US\",\"@id\":\"https:\\\/\\\/nett.pro\\\/#\\\/schema\\\/logo\\\/image\\\/\",\"url\":\"\",\"contentUrl\":\"\",\"caption\":\"NETT.PRO\"},\"image\":{\"@id\":\"https:\\\/\\\/nett.pro\\\/#\\\/schema\\\/logo\\\/image\\\/\"}}]}<\/script>\n<!-- \/ Yoast SEO plugin. -->","yoast_head_json":{"title":"Om oss - NETT.PRO","description":"Om firmaet. Vi er en milj\u00f8vennlig bedrift som hjelper andre firma lage brukervennlige og profesjonelle nettsider, eller hjemmeside.","robots":{"index":"index","follow":"follow","max-snippet":"max-snippet:-1","max-image-preview":"max-image-preview:large","max-video-preview":"max-video-preview:-1"},"canonical":"https:\/\/nett.pro\/en\/om-oss\/","og_locale":"en_US","og_type":"article","og_title":"Om oss - NETT.PRO","og_description":"Om firmaet. Vi er en milj\u00f8vennlig bedrift som hjelper andre firma lage brukervennlige og profesjonelle nettsider, eller hjemmeside.","og_url":"https:\/\/nett.pro\/en\/om-oss\/","og_site_name":"NETT.PRO","article_modified_time":"2024-08-26T19:25:26+00:00","twitter_card":"summary_large_image","twitter_misc":{"Est. reading time":"1 minute"},"schema":{"@context":"https:\/\/schema.org","@graph":[{"@type":"WebPage","@id":"https:\/\/nett.pro\/om-oss\/","url":"https:\/\/nett.pro\/om-oss\/","name":"Om oss - NETT.PRO","isPartOf":{"@id":"https:\/\/nett.pro\/#website"},"datePublished":"2024-06-06T19:44:59+00:00","dateModified":"2024-08-26T19:25:26+00:00","description":"Om firmaet. Vi er en milj\u00f8vennlig bedrift som hjelper andre firma lage brukervennlige og profesjonelle nettsider, eller hjemmeside.","breadcrumb":{"@id":"https:\/\/nett.pro\/om-oss\/#breadcrumb"},"inLanguage":"en-US","potentialAction":[{"@type":"ReadAction","target":["https:\/\/nett.pro\/om-oss\/"]}]},{"@type":"BreadcrumbList","@id":"https:\/\/nett.pro\/om-oss\/#breadcrumb","itemListElement":[{"@type":"ListItem","position":1,"name":"Velkommen","item":"https:\/\/nett.pro\/"},{"@type":"ListItem","position":2,"name":"Om oss"}]},{"@type":"WebSite","@id":"https:\/\/nett.pro\/#website","url":"https:\/\/nett.pro\/","name":"NETT.PRO","description":"Nettsider til firma og privatpersoner","publisher":{"@id":"https:\/\/nett.pro\/#organization"},"potentialAction":[{"@type":"SearchAction","target":{"@type":"EntryPoint","urlTemplate":"https:\/\/nett.pro\/?s={search_term_string}"},"query-input":{"@type":"PropertyValueSpecification","valueRequired":true,"valueName":"search_term_string"}}],"inLanguage":"en-US"},{"@type":"Organization","@id":"https:\/\/nett.pro\/#organization","name":"NETT.PRO","url":"https:\/\/nett.pro\/","logo":{"@type":"ImageObject","inLanguage":"en-US","@id":"https:\/\/nett.pro\/#\/schema\/logo\/image\/","url":"","contentUrl":"","caption":"NETT.PRO"},"image":{"@id":"https:\/\/nett.pro\/#\/schema\/logo\/image\/"}}]}},"_links":{"self":[{"href":"https:\/\/nett.pro\/en\/wp-json\/wp\/v2\/pages\/7958","targetHints":{"allow":["GET"]}}],"collection":[{"href":"https:\/\/nett.pro\/en\/wp-json\/wp\/v2\/pages"}],"about":[{"href":"https:\/\/nett.pro\/en\/wp-json\/wp\/v2\/types\/page"}],"author":[{"embeddable":true,"href":"https:\/\/nett.pro\/en\/wp-json\/wp\/v2\/users\/1"}],"replies":[{"embeddable":true,"href":"https:\/\/nett.pro\/en\/wp-json\/wp\/v2\/comments?post=7958"}],"version-history":[{"count":148,"href":"https:\/\/nett.pro\/en\/wp-json\/wp\/v2\/pages\/7958\/revisions"}],"predecessor-version":[{"id":8744,"href":"https:\/\/nett.pro\/en\/wp-json\/wp\/v2\/pages\/7958\/revisions\/8744"}],"wp:attachment":[{"href":"https:\/\/nett.pro\/en\/wp-json\/wp\/v2\/media?parent=7958"}],"curies":[{"name":"wp","href":"https:\/\/api.w.org\/{rel}","templated":true}]}}