{"id":3189,"date":"2021-02-11T19:10:53","date_gmt":"2021-02-11T19:10:53","guid":{"rendered":"https:\/\/nett.pro\/?post_type=product&#038;p=3189"},"modified":"2024-08-22T00:37:12","modified_gmt":"2024-08-21T22:37:12","slug":"nettside-privat-hjemmeside-nettsted-hobby-blog","status":"publish","type":"product","link":"https:\/\/nett.pro\/en\/Nettbutikk\/nettside-privat-hjemmeside-nettsted-hobby-blog\/","title":{"rendered":"Website for personal use"},"content":{"rendered":"<p class=\"translation-block\">Do you want to set up your own personal website? It can be a blog, photographs, or other hobby business that you want to present. We will help you set up professional websites, with a clean and nice design, tailored to your purpose. <a href=\"..\/\/kontakt\/\" target=\"_self\"> Contact here <\/a>, or press the order button above, to know what I can do for you. 100 percent satisfaction guarantee. Remember: You pay nothing until you have received and are happy with the product!<\/p>\n<p>I tillegg til oppsett betales kr. 149,- i m\u00e5neden. Bel\u00f8pet dekker l\u00f8pende utgifter til server, samt oppdateringer og backup. Faktura sendes to ganger i \u00e5ret. Vi strekker oss langt for \u00e5 gi deg optimal kundeservice innenfor dette beskjedne bel\u00f8pet.<\/p>\n<h4><em>The package includes:<\/em><\/h4>\n<p><img decoding=\"async\" class=\"alignnone wp-image-4133\" src=\"https:\/\/nett.pro\/wp-content\/uploads\/2021\/02\/arrow.gif\" alt=\"arrow\" width=\"20\" height=\"20\" srcset=\"https:\/\/nett.pro\/wp-content\/uploads\/2021\/02\/arrow.gif 80w, https:\/\/nett.pro\/wp-content\/uploads\/2021\/02\/arrow-12x12.gif 12w\" sizes=\"(max-width: 20px) 100vw, 20px\" \/> Registration of domain names according to your wishes.<br \/>\n<img decoding=\"async\" class=\"alignnone size-full wp-image-4133\" src=\"https:\/\/nett.pro\/wp-content\/uploads\/2021\/02\/arrow.gif\" alt=\"arrow\" width=\"20\" height=\"20\" srcset=\"https:\/\/nett.pro\/wp-content\/uploads\/2021\/02\/arrow.gif 80w, https:\/\/nett.pro\/wp-content\/uploads\/2021\/02\/arrow-12x12.gif 12w\" sizes=\"(max-width: 20px) 100vw, 20px\" \/> Personal Website Setup (WordPress)<br \/>\n<img decoding=\"async\" class=\"alignnone size-full wp-image-4133\" src=\"https:\/\/nett.pro\/wp-content\/uploads\/2021\/02\/arrow.gif\" alt=\"arrow\" width=\"20\" height=\"20\" srcset=\"https:\/\/nett.pro\/wp-content\/uploads\/2021\/02\/arrow.gif 80w, https:\/\/nett.pro\/wp-content\/uploads\/2021\/02\/arrow-12x12.gif 12w\" sizes=\"(max-width: 20px) 100vw, 20px\" \/> Instructions so you can edit the content of your web pages yourself.<br \/>\n<img decoding=\"async\" class=\"alignnone size-full wp-image-4133\" src=\"https:\/\/nett.pro\/wp-content\/uploads\/2021\/02\/arrow.gif\" alt=\"arrow\" width=\"20\" height=\"20\" srcset=\"https:\/\/nett.pro\/wp-content\/uploads\/2021\/02\/arrow.gif 80w, https:\/\/nett.pro\/wp-content\/uploads\/2021\/02\/arrow-12x12.gif 12w\" sizes=\"(max-width: 20px) 100vw, 20px\" \/> Responsive design - Optimized for mobile, tablet and laptop.<br \/>\n<img decoding=\"async\" class=\"alignnone size-full wp-image-4133\" src=\"https:\/\/nett.pro\/wp-content\/uploads\/2021\/02\/arrow.gif\" alt=\"arrow\" width=\"20\" height=\"20\" srcset=\"https:\/\/nett.pro\/wp-content\/uploads\/2021\/02\/arrow.gif 80w, https:\/\/nett.pro\/wp-content\/uploads\/2021\/02\/arrow-12x12.gif 12w\" sizes=\"(max-width: 20px) 100vw, 20px\" \/> Email with your domain name.<br \/>\n<img decoding=\"async\" class=\"alignnone size-full wp-image-4133\" src=\"https:\/\/nett.pro\/wp-content\/uploads\/2021\/02\/arrow.gif\" alt=\"arrow\" width=\"20\" height=\"20\" srcset=\"https:\/\/nett.pro\/wp-content\/uploads\/2021\/02\/arrow.gif 80w, https:\/\/nett.pro\/wp-content\/uploads\/2021\/02\/arrow-12x12.gif 12w\" sizes=\"(max-width: 20px) 100vw, 20px\" \/> Additional modules such as contact form etc.<br \/>\n<img decoding=\"async\" class=\"alignnone size-full wp-image-4133\" src=\"https:\/\/nett.pro\/wp-content\/uploads\/2021\/02\/arrow.gif\" alt=\"arrow\" width=\"20\" height=\"20\" srcset=\"https:\/\/nett.pro\/wp-content\/uploads\/2021\/02\/arrow.gif 80w, https:\/\/nett.pro\/wp-content\/uploads\/2021\/02\/arrow-12x12.gif 12w\" sizes=\"(max-width: 20px) 100vw, 20px\" \/> Automatic backup (backup)<br \/>\n<img decoding=\"async\" class=\"alignnone size-full wp-image-4133\" src=\"https:\/\/nett.pro\/wp-content\/uploads\/2021\/02\/arrow.gif\" alt=\"arrow\" width=\"20\" height=\"20\" srcset=\"https:\/\/nett.pro\/wp-content\/uploads\/2021\/02\/arrow.gif 80w, https:\/\/nett.pro\/wp-content\/uploads\/2021\/02\/arrow-12x12.gif 12w\" sizes=\"(max-width: 20px) 100vw, 20px\" \/> Security certificate<\/p>","protected":false},"excerpt":{"rendered":"<p>Do you have a hobby or interest you want to present online? We will help set up a personal website for you. 100 percent satisfaction guarantee. You only pay when you have received and are satisfied with the product! The amount below is in Norwegian kroner. Please see further down for price in dollars.<\/p>","protected":false},"featured_media":9110,"comment_status":"open","ping_status":"closed","template":"","meta":[],"product_brand":[],"product_cat":[44],"product_tag":[60,33,87,61,32,62,86,34],"class_list":{"0":"post-3189","1":"product","2":"type-product","3":"status-publish","4":"has-post-thumbnail","6":"product_cat-nettsider","7":"product_tag-blogg","8":"product_tag-hjemmeside","9":"product_tag-hjemmeside-for-privatperson","10":"product_tag-hobby","11":"product_tag-nettside","12":"product_tag-rimelig-hjemmeside","13":"product_tag-webdesign","14":"product_tag-webside","16":"first","17":"instock","18":"virtual","19":"taxable","20":"purchasable","21":"product-type-simple"},"yoast_head":"<!-- This site is optimized with the Yoast SEO plugin v27.4 - https:\/\/yoast.com\/product\/yoast-seo-wordpress\/ -->\n<title>Nettside hobby og privat - NETT.PRO<\/title>\n<meta name=\"description\" content=\"Har du en hobby eller annen aktivitet du \u00f8nsker \u00e5 presentere p\u00e5 nett? Jeg hjelper deg med \u00e5 sette opp din personlige nettside.\" \/>\n<meta name=\"robots\" content=\"index, follow, max-snippet:-1, max-image-preview:large, max-video-preview:-1\" \/>\n<link rel=\"canonical\" href=\"https:\/\/nett.pro\/en\/Nettbutikk\/nettside-privat-hjemmeside-nettsted-hobby-blog\/\" \/>\n<meta property=\"og:locale\" content=\"en_US\" \/>\n<meta property=\"og:type\" content=\"article\" \/>\n<meta property=\"og:title\" content=\"Nettside hobby og privat - NETT.PRO\" \/>\n<meta property=\"og:description\" content=\"Har du en hobby eller annen aktivitet du \u00f8nsker \u00e5 presentere p\u00e5 nett? Jeg hjelper deg med \u00e5 sette opp din personlige nettside.\" \/>\n<meta property=\"og:url\" content=\"https:\/\/nett.pro\/en\/Nettbutikk\/nettside-privat-hjemmeside-nettsted-hobby-blog\/\" \/>\n<meta property=\"og:site_name\" content=\"NETT.PRO\" \/>\n<meta property=\"article:modified_time\" content=\"2024-08-21T22:37:12+00:00\" \/>\n<meta property=\"og:image\" content=\"https:\/\/nett.pro\/wp-content\/uploads\/2021\/02\/img-2.jpeg\" \/>\n\t<meta property=\"og:image:width\" content=\"1280\" \/>\n\t<meta property=\"og:image:height\" content=\"853\" \/>\n\t<meta property=\"og:image:type\" content=\"image\/jpeg\" \/>\n<meta name=\"twitter:card\" content=\"summary_large_image\" \/>\n<meta name=\"twitter:label1\" content=\"Est. reading time\" \/>\n\t<meta name=\"twitter:data1\" content=\"3 minutes\" \/>\n<script type=\"application\/ld+json\" class=\"yoast-schema-graph\">{\"@context\":\"https:\\\/\\\/schema.org\",\"@graph\":[{\"@type\":\"WebPage\",\"@id\":\"https:\\\/\\\/nett.pro\\\/Nettbutikk\\\/nettside-privat-hjemmeside-nettsted-hobby-blog\\\/\",\"url\":\"https:\\\/\\\/nett.pro\\\/Nettbutikk\\\/nettside-privat-hjemmeside-nettsted-hobby-blog\\\/\",\"name\":\"Nettside hobby og privat - NETT.PRO\",\"isPartOf\":{\"@id\":\"https:\\\/\\\/nett.pro\\\/#website\"},\"primaryImageOfPage\":{\"@id\":\"https:\\\/\\\/nett.pro\\\/Nettbutikk\\\/nettside-privat-hjemmeside-nettsted-hobby-blog\\\/#primaryimage\"},\"image\":{\"@id\":\"https:\\\/\\\/nett.pro\\\/Nettbutikk\\\/nettside-privat-hjemmeside-nettsted-hobby-blog\\\/#primaryimage\"},\"thumbnailUrl\":\"https:\\\/\\\/nett.pro\\\/wp-content\\\/uploads\\\/2021\\\/02\\\/img-2.jpeg\",\"datePublished\":\"2021-02-11T19:10:53+00:00\",\"dateModified\":\"2024-08-21T22:37:12+00:00\",\"description\":\"Har du en hobby eller annen aktivitet du \u00f8nsker \u00e5 presentere p\u00e5 nett? Jeg hjelper deg med \u00e5 sette opp din personlige nettside.\",\"breadcrumb\":{\"@id\":\"https:\\\/\\\/nett.pro\\\/Nettbutikk\\\/nettside-privat-hjemmeside-nettsted-hobby-blog\\\/#breadcrumb\"},\"inLanguage\":\"en-US\",\"potentialAction\":[{\"@type\":\"ReadAction\",\"target\":[\"https:\\\/\\\/nett.pro\\\/Nettbutikk\\\/nettside-privat-hjemmeside-nettsted-hobby-blog\\\/\"]}]},{\"@type\":\"ImageObject\",\"inLanguage\":\"en-US\",\"@id\":\"https:\\\/\\\/nett.pro\\\/Nettbutikk\\\/nettside-privat-hjemmeside-nettsted-hobby-blog\\\/#primaryimage\",\"url\":\"https:\\\/\\\/nett.pro\\\/wp-content\\\/uploads\\\/2021\\\/02\\\/img-2.jpeg\",\"contentUrl\":\"https:\\\/\\\/nett.pro\\\/wp-content\\\/uploads\\\/2021\\\/02\\\/img-2.jpeg\",\"width\":1280,\"height\":853,\"caption\":\"Hjemmeside tilpasset dine behov\"},{\"@type\":\"BreadcrumbList\",\"@id\":\"https:\\\/\\\/nett.pro\\\/Nettbutikk\\\/nettside-privat-hjemmeside-nettsted-hobby-blog\\\/#breadcrumb\",\"itemListElement\":[{\"@type\":\"ListItem\",\"position\":1,\"name\":\"Velkommen\",\"item\":\"https:\\\/\\\/nett.pro\\\/\"},{\"@type\":\"ListItem\",\"position\":2,\"name\":\"Nettbutikk\",\"item\":\"https:\\\/\\\/nett.pro\\\/nettbutikk\\\/\"},{\"@type\":\"ListItem\",\"position\":3,\"name\":\"Nettside hobby og privat\"}]},{\"@type\":\"WebSite\",\"@id\":\"https:\\\/\\\/nett.pro\\\/#website\",\"url\":\"https:\\\/\\\/nett.pro\\\/\",\"name\":\"NETT.PRO\",\"description\":\"Nettsider til firma og privatpersoner\",\"publisher\":{\"@id\":\"https:\\\/\\\/nett.pro\\\/#organization\"},\"potentialAction\":[{\"@type\":\"SearchAction\",\"target\":{\"@type\":\"EntryPoint\",\"urlTemplate\":\"https:\\\/\\\/nett.pro\\\/?s={search_term_string}\"},\"query-input\":{\"@type\":\"PropertyValueSpecification\",\"valueRequired\":true,\"valueName\":\"search_term_string\"}}],\"inLanguage\":\"en-US\"},{\"@type\":\"Organization\",\"@id\":\"https:\\\/\\\/nett.pro\\\/#organization\",\"name\":\"NETT.PRO\",\"url\":\"https:\\\/\\\/nett.pro\\\/\",\"logo\":{\"@type\":\"ImageObject\",\"inLanguage\":\"en-US\",\"@id\":\"https:\\\/\\\/nett.pro\\\/#\\\/schema\\\/logo\\\/image\\\/\",\"url\":\"\",\"contentUrl\":\"\",\"caption\":\"NETT.PRO\"},\"image\":{\"@id\":\"https:\\\/\\\/nett.pro\\\/#\\\/schema\\\/logo\\\/image\\\/\"}}]}<\/script>\n<!-- \/ Yoast SEO plugin. -->","yoast_head_json":{"title":"Nettside hobby og privat - NETT.PRO","description":"Har du en hobby eller annen aktivitet du \u00f8nsker \u00e5 presentere p\u00e5 nett? Jeg hjelper deg med \u00e5 sette opp din personlige nettside.","robots":{"index":"index","follow":"follow","max-snippet":"max-snippet:-1","max-image-preview":"max-image-preview:large","max-video-preview":"max-video-preview:-1"},"canonical":"https:\/\/nett.pro\/en\/Nettbutikk\/nettside-privat-hjemmeside-nettsted-hobby-blog\/","og_locale":"en_US","og_type":"article","og_title":"Nettside hobby og privat - NETT.PRO","og_description":"Har du en hobby eller annen aktivitet du \u00f8nsker \u00e5 presentere p\u00e5 nett? Jeg hjelper deg med \u00e5 sette opp din personlige nettside.","og_url":"https:\/\/nett.pro\/en\/Nettbutikk\/nettside-privat-hjemmeside-nettsted-hobby-blog\/","og_site_name":"NETT.PRO","article_modified_time":"2024-08-21T22:37:12+00:00","og_image":[{"width":1280,"height":853,"url":"https:\/\/nett.pro\/wp-content\/uploads\/2021\/02\/img-2.jpeg","type":"image\/jpeg"}],"twitter_card":"summary_large_image","twitter_misc":{"Est. reading time":"3 minutes"},"schema":{"@context":"https:\/\/schema.org","@graph":[{"@type":"WebPage","@id":"https:\/\/nett.pro\/Nettbutikk\/nettside-privat-hjemmeside-nettsted-hobby-blog\/","url":"https:\/\/nett.pro\/Nettbutikk\/nettside-privat-hjemmeside-nettsted-hobby-blog\/","name":"Nettside hobby og privat - NETT.PRO","isPartOf":{"@id":"https:\/\/nett.pro\/#website"},"primaryImageOfPage":{"@id":"https:\/\/nett.pro\/Nettbutikk\/nettside-privat-hjemmeside-nettsted-hobby-blog\/#primaryimage"},"image":{"@id":"https:\/\/nett.pro\/Nettbutikk\/nettside-privat-hjemmeside-nettsted-hobby-blog\/#primaryimage"},"thumbnailUrl":"https:\/\/nett.pro\/wp-content\/uploads\/2021\/02\/img-2.jpeg","datePublished":"2021-02-11T19:10:53+00:00","dateModified":"2024-08-21T22:37:12+00:00","description":"Har du en hobby eller annen aktivitet du \u00f8nsker \u00e5 presentere p\u00e5 nett? Jeg hjelper deg med \u00e5 sette opp din personlige nettside.","breadcrumb":{"@id":"https:\/\/nett.pro\/Nettbutikk\/nettside-privat-hjemmeside-nettsted-hobby-blog\/#breadcrumb"},"inLanguage":"en-US","potentialAction":[{"@type":"ReadAction","target":["https:\/\/nett.pro\/Nettbutikk\/nettside-privat-hjemmeside-nettsted-hobby-blog\/"]}]},{"@type":"ImageObject","inLanguage":"en-US","@id":"https:\/\/nett.pro\/Nettbutikk\/nettside-privat-hjemmeside-nettsted-hobby-blog\/#primaryimage","url":"https:\/\/nett.pro\/wp-content\/uploads\/2021\/02\/img-2.jpeg","contentUrl":"https:\/\/nett.pro\/wp-content\/uploads\/2021\/02\/img-2.jpeg","width":1280,"height":853,"caption":"Hjemmeside tilpasset dine behov"},{"@type":"BreadcrumbList","@id":"https:\/\/nett.pro\/Nettbutikk\/nettside-privat-hjemmeside-nettsted-hobby-blog\/#breadcrumb","itemListElement":[{"@type":"ListItem","position":1,"name":"Velkommen","item":"https:\/\/nett.pro\/"},{"@type":"ListItem","position":2,"name":"Nettbutikk","item":"https:\/\/nett.pro\/nettbutikk\/"},{"@type":"ListItem","position":3,"name":"Nettside hobby og privat"}]},{"@type":"WebSite","@id":"https:\/\/nett.pro\/#website","url":"https:\/\/nett.pro\/","name":"NETT.PRO","description":"Nettsider til firma og privatpersoner","publisher":{"@id":"https:\/\/nett.pro\/#organization"},"potentialAction":[{"@type":"SearchAction","target":{"@type":"EntryPoint","urlTemplate":"https:\/\/nett.pro\/?s={search_term_string}"},"query-input":{"@type":"PropertyValueSpecification","valueRequired":true,"valueName":"search_term_string"}}],"inLanguage":"en-US"},{"@type":"Organization","@id":"https:\/\/nett.pro\/#organization","name":"NETT.PRO","url":"https:\/\/nett.pro\/","logo":{"@type":"ImageObject","inLanguage":"en-US","@id":"https:\/\/nett.pro\/#\/schema\/logo\/image\/","url":"","contentUrl":"","caption":"NETT.PRO"},"image":{"@id":"https:\/\/nett.pro\/#\/schema\/logo\/image\/"}}]}},"_links":{"self":[{"href":"https:\/\/nett.pro\/en\/wp-json\/wp\/v2\/product\/3189","targetHints":{"allow":["GET"]}}],"collection":[{"href":"https:\/\/nett.pro\/en\/wp-json\/wp\/v2\/product"}],"about":[{"href":"https:\/\/nett.pro\/en\/wp-json\/wp\/v2\/types\/product"}],"replies":[{"embeddable":true,"href":"https:\/\/nett.pro\/en\/wp-json\/wp\/v2\/comments?post=3189"}],"wp:featuredmedia":[{"embeddable":true,"href":"https:\/\/nett.pro\/en\/wp-json\/wp\/v2\/media\/9110"}],"wp:attachment":[{"href":"https:\/\/nett.pro\/en\/wp-json\/wp\/v2\/media?parent=3189"}],"wp:term":[{"taxonomy":"product_brand","embeddable":true,"href":"https:\/\/nett.pro\/en\/wp-json\/wp\/v2\/product_brand?post=3189"},{"taxonomy":"product_cat","embeddable":true,"href":"https:\/\/nett.pro\/en\/wp-json\/wp\/v2\/product_cat?post=3189"},{"taxonomy":"product_tag","embeddable":true,"href":"https:\/\/nett.pro\/en\/wp-json\/wp\/v2\/product_tag?post=3189"}],"curies":[{"name":"wp","href":"https:\/\/api.w.org\/{rel}","templated":true}]}}