{"id":3193,"date":"2021-02-11T19:15:37","date_gmt":"2021-02-11T19:15:37","guid":{"rendered":"https:\/\/nett.pro\/?post_type=product&#038;p=3193"},"modified":"2026-01-17T13:42:40","modified_gmt":"2026-01-17T12:42:40","slug":"nettbutikk-med-betalinglosning","status":"publish","type":"product","link":"https:\/\/nett.pro\/en\/Nettbutikk\/nettbutikk-med-betalinglosning\/","title":{"rendered":"Online store with payment solution"},"content":{"rendered":"<p>Setup of an online store with a payment solution.<\/p>\n<p>&nbsp;<\/p>\n<p>In addition to the setup,of 899,- dollars,  you pay 39,- dollars a month. This amount covers running expenses for server, as well as updates and backups. Invoice is sent twice a year.<\/p>\n<h4><em>The package includes:<\/em><\/h4>\n<p><img decoding=\"async\" class=\"alignnone size-full wp-image-4133\" src=\"https:\/\/nett.pro\/wp-content\/uploads\/2021\/02\/arrow.gif\" alt=\"arrow\" width=\"20\" height=\"20\" srcset=\"https:\/\/nett.pro\/wp-content\/uploads\/2021\/02\/arrow.gif 80w, https:\/\/nett.pro\/wp-content\/uploads\/2021\/02\/arrow-12x12.gif 12w\" sizes=\"(max-width: 20px) 100vw, 20px\" \/> Registration of domain name according to your wishes.<br \/>\n<img decoding=\"async\" class=\"alignnone size-full wp-image-4133\" src=\"https:\/\/nett.pro\/wp-content\/uploads\/2021\/02\/arrow.gif\" alt=\"arrow\" width=\"20\" height=\"20\" srcset=\"https:\/\/nett.pro\/wp-content\/uploads\/2021\/02\/arrow.gif 80w, https:\/\/nett.pro\/wp-content\/uploads\/2021\/02\/arrow-12x12.gif 12w\" sizes=\"(max-width: 20px) 100vw, 20px\" \/> Setup of Personal Website (WordPress + WooCommerce)<br \/>\n<img decoding=\"async\" class=\"alignnone size-full wp-image-4133\" src=\"https:\/\/nett.pro\/wp-content\/uploads\/2021\/02\/arrow.gif\" alt=\"arrow\" width=\"20\" height=\"20\" srcset=\"https:\/\/nett.pro\/wp-content\/uploads\/2021\/02\/arrow.gif 80w, https:\/\/nett.pro\/wp-content\/uploads\/2021\/02\/arrow-12x12.gif 12w\" sizes=\"(max-width: 20px) 100vw, 20px\" \/> Help and instructions so you can eventually edit content and products yourself<br \/>\n<img decoding=\"async\" class=\"alignnone size-full wp-image-4133\" src=\"https:\/\/nett.pro\/wp-content\/uploads\/2021\/02\/arrow.gif\" alt=\"arrow\" width=\"20\" height=\"20\" srcset=\"https:\/\/nett.pro\/wp-content\/uploads\/2021\/02\/arrow.gif 80w, https:\/\/nett.pro\/wp-content\/uploads\/2021\/02\/arrow-12x12.gif 12w\" sizes=\"(max-width: 20px) 100vw, 20px\" \/> Responsive design - Optimized for mobile, tablet and laptop.<br \/>\n<img decoding=\"async\" class=\"alignnone size-full wp-image-4133\" src=\"https:\/\/nett.pro\/wp-content\/uploads\/2021\/02\/arrow.gif\" alt=\"arrow\" width=\"20\" height=\"20\" srcset=\"https:\/\/nett.pro\/wp-content\/uploads\/2021\/02\/arrow.gif 80w, https:\/\/nett.pro\/wp-content\/uploads\/2021\/02\/arrow-12x12.gif 12w\" sizes=\"(max-width: 20px) 100vw, 20px\" \/> Additional modules such as contact form etc.<br \/>\n<img decoding=\"async\" class=\"alignnone size-full wp-image-4133\" src=\"https:\/\/nett.pro\/wp-content\/uploads\/2021\/02\/arrow.gif\" alt=\"arrow\" width=\"20\" height=\"20\" srcset=\"https:\/\/nett.pro\/wp-content\/uploads\/2021\/02\/arrow.gif 80w, https:\/\/nett.pro\/wp-content\/uploads\/2021\/02\/arrow-12x12.gif 12w\" sizes=\"(max-width: 20px) 100vw, 20px\" \/> ayment solution for Visa\/ Mastercard\/ Vipps ++<br \/>\n<img decoding=\"async\" class=\"alignnone size-full wp-image-4133\" src=\"https:\/\/nett.pro\/wp-content\/uploads\/2021\/02\/arrow.gif\" alt=\"arrow\" width=\"20\" height=\"20\" srcset=\"https:\/\/nett.pro\/wp-content\/uploads\/2021\/02\/arrow.gif 80w, https:\/\/nett.pro\/wp-content\/uploads\/2021\/02\/arrow-12x12.gif 12w\" sizes=\"(max-width: 20px) 100vw, 20px\" \/> Automatic backup (backup)<br \/>\n<img decoding=\"async\" class=\"alignnone size-full wp-image-4133\" src=\"https:\/\/nett.pro\/wp-content\/uploads\/2021\/02\/arrow.gif\" alt=\"arrow\" width=\"20\" height=\"20\" srcset=\"https:\/\/nett.pro\/wp-content\/uploads\/2021\/02\/arrow.gif 80w, https:\/\/nett.pro\/wp-content\/uploads\/2021\/02\/arrow-12x12.gif 12w\" sizes=\"(max-width: 20px) 100vw, 20px\" \/> Security certificate<\/p>","protected":false},"excerpt":{"rendered":"<p>Do you dream of starting an online store? I will help you set up an online store with payment solutions. I will help you set up your store so you can sell products or services online. The amount below is in Norwegian kroner. Please see further down for price in dollars.<\/p>","protected":false},"featured_media":9109,"comment_status":"open","ping_status":"closed","template":"","meta":[],"product_brand":[],"product_cat":[45],"product_tag":[43,40,42,41],"class_list":{"0":"post-3193","1":"product","2":"type-product","3":"status-publish","4":"has-post-thumbnail","6":"product_cat-nettbutikker","7":"product_tag-butikklosning","8":"product_tag-nettbutikk","9":"product_tag-nettshop","10":"product_tag-webshop","12":"first","13":"instock","14":"sale","15":"virtual","16":"taxable","17":"purchasable","18":"product-type-simple"},"yoast_head":"<!-- This site is optimized with the Yoast SEO plugin v27.4 - https:\/\/yoast.com\/product\/yoast-seo-wordpress\/ -->\n<title>Nettbutikk med betalingsl\u00f8sning - NETT.PRO<\/title>\n<meta name=\"description\" content=\"Dr\u00f8mmer du om \u00e5 starte nettbutikk? Oppsett av nettbutikk med betalingsl\u00f8sning. For deg som \u00f8nsker \u00e5 selge produkter eller tjenester p\u00e5 nett.\" \/>\n<meta name=\"robots\" content=\"index, follow, max-snippet:-1, max-image-preview:large, max-video-preview:-1\" \/>\n<link rel=\"canonical\" href=\"https:\/\/nett.pro\/en\/Nettbutikk\/nettbutikk-med-betalinglosning\/\" \/>\n<meta property=\"og:locale\" content=\"en_US\" \/>\n<meta property=\"og:type\" content=\"article\" \/>\n<meta property=\"og:title\" content=\"Nettbutikk med betalingsl\u00f8sning - NETT.PRO\" \/>\n<meta property=\"og:description\" content=\"Dr\u00f8mmer du om \u00e5 starte nettbutikk? Oppsett av nettbutikk med betalingsl\u00f8sning. For deg som \u00f8nsker \u00e5 selge produkter eller tjenester p\u00e5 nett.\" \/>\n<meta property=\"og:url\" content=\"https:\/\/nett.pro\/en\/Nettbutikk\/nettbutikk-med-betalinglosning\/\" \/>\n<meta property=\"og:site_name\" content=\"NETT.PRO\" \/>\n<meta property=\"article:modified_time\" content=\"2026-01-17T12:42:40+00:00\" \/>\n<meta property=\"og:image\" content=\"https:\/\/nett.pro\/wp-content\/uploads\/2021\/02\/img-1.jpeg\" \/>\n\t<meta property=\"og:image:width\" content=\"1280\" \/>\n\t<meta property=\"og:image:height\" content=\"922\" \/>\n\t<meta property=\"og:image:type\" content=\"image\/jpeg\" \/>\n<meta name=\"twitter:card\" content=\"summary_large_image\" \/>\n<meta name=\"twitter:label1\" content=\"Est. reading time\" \/>\n\t<meta name=\"twitter:data1\" content=\"3 minutes\" \/>\n<script type=\"application\/ld+json\" class=\"yoast-schema-graph\">{\"@context\":\"https:\\\/\\\/schema.org\",\"@graph\":[{\"@type\":\"WebPage\",\"@id\":\"https:\\\/\\\/nett.pro\\\/Nettbutikk\\\/nettbutikk-med-betalinglosning\\\/\",\"url\":\"https:\\\/\\\/nett.pro\\\/Nettbutikk\\\/nettbutikk-med-betalinglosning\\\/\",\"name\":\"Nettbutikk med betalingsl\u00f8sning - NETT.PRO\",\"isPartOf\":{\"@id\":\"https:\\\/\\\/nett.pro\\\/#website\"},\"primaryImageOfPage\":{\"@id\":\"https:\\\/\\\/nett.pro\\\/Nettbutikk\\\/nettbutikk-med-betalinglosning\\\/#primaryimage\"},\"image\":{\"@id\":\"https:\\\/\\\/nett.pro\\\/Nettbutikk\\\/nettbutikk-med-betalinglosning\\\/#primaryimage\"},\"thumbnailUrl\":\"https:\\\/\\\/nett.pro\\\/wp-content\\\/uploads\\\/2021\\\/02\\\/img-1.jpeg\",\"datePublished\":\"2021-02-11T19:15:37+00:00\",\"dateModified\":\"2026-01-17T12:42:40+00:00\",\"description\":\"Dr\u00f8mmer du om \u00e5 starte nettbutikk? Oppsett av nettbutikk med betalingsl\u00f8sning. For deg som \u00f8nsker \u00e5 selge produkter eller tjenester p\u00e5 nett.\",\"breadcrumb\":{\"@id\":\"https:\\\/\\\/nett.pro\\\/Nettbutikk\\\/nettbutikk-med-betalinglosning\\\/#breadcrumb\"},\"inLanguage\":\"en-US\",\"potentialAction\":[{\"@type\":\"ReadAction\",\"target\":[\"https:\\\/\\\/nett.pro\\\/Nettbutikk\\\/nettbutikk-med-betalinglosning\\\/\"]}]},{\"@type\":\"ImageObject\",\"inLanguage\":\"en-US\",\"@id\":\"https:\\\/\\\/nett.pro\\\/Nettbutikk\\\/nettbutikk-med-betalinglosning\\\/#primaryimage\",\"url\":\"https:\\\/\\\/nett.pro\\\/wp-content\\\/uploads\\\/2021\\\/02\\\/img-1.jpeg\",\"contentUrl\":\"https:\\\/\\\/nett.pro\\\/wp-content\\\/uploads\\\/2021\\\/02\\\/img-1.jpeg\",\"width\":1280,\"height\":922,\"caption\":\"Responsivt design p\u00e5 nettsiden\"},{\"@type\":\"BreadcrumbList\",\"@id\":\"https:\\\/\\\/nett.pro\\\/Nettbutikk\\\/nettbutikk-med-betalinglosning\\\/#breadcrumb\",\"itemListElement\":[{\"@type\":\"ListItem\",\"position\":1,\"name\":\"Velkommen\",\"item\":\"https:\\\/\\\/nett.pro\\\/\"},{\"@type\":\"ListItem\",\"position\":2,\"name\":\"Nettbutikk\",\"item\":\"https:\\\/\\\/nett.pro\\\/nettbutikk\\\/\"},{\"@type\":\"ListItem\",\"position\":3,\"name\":\"Nettbutikk med betalingsl\u00f8sning\"}]},{\"@type\":\"WebSite\",\"@id\":\"https:\\\/\\\/nett.pro\\\/#website\",\"url\":\"https:\\\/\\\/nett.pro\\\/\",\"name\":\"NETT.PRO\",\"description\":\"Nettsider til firma og privatpersoner\",\"publisher\":{\"@id\":\"https:\\\/\\\/nett.pro\\\/#organization\"},\"potentialAction\":[{\"@type\":\"SearchAction\",\"target\":{\"@type\":\"EntryPoint\",\"urlTemplate\":\"https:\\\/\\\/nett.pro\\\/?s={search_term_string}\"},\"query-input\":{\"@type\":\"PropertyValueSpecification\",\"valueRequired\":true,\"valueName\":\"search_term_string\"}}],\"inLanguage\":\"en-US\"},{\"@type\":\"Organization\",\"@id\":\"https:\\\/\\\/nett.pro\\\/#organization\",\"name\":\"NETT.PRO\",\"url\":\"https:\\\/\\\/nett.pro\\\/\",\"logo\":{\"@type\":\"ImageObject\",\"inLanguage\":\"en-US\",\"@id\":\"https:\\\/\\\/nett.pro\\\/#\\\/schema\\\/logo\\\/image\\\/\",\"url\":\"\",\"contentUrl\":\"\",\"caption\":\"NETT.PRO\"},\"image\":{\"@id\":\"https:\\\/\\\/nett.pro\\\/#\\\/schema\\\/logo\\\/image\\\/\"}}]}<\/script>\n<!-- \/ Yoast SEO plugin. -->","yoast_head_json":{"title":"Nettbutikk med betalingsl\u00f8sning - NETT.PRO","description":"Dr\u00f8mmer du om \u00e5 starte nettbutikk? Oppsett av nettbutikk med betalingsl\u00f8sning. For deg som \u00f8nsker \u00e5 selge produkter eller tjenester p\u00e5 nett.","robots":{"index":"index","follow":"follow","max-snippet":"max-snippet:-1","max-image-preview":"max-image-preview:large","max-video-preview":"max-video-preview:-1"},"canonical":"https:\/\/nett.pro\/en\/Nettbutikk\/nettbutikk-med-betalinglosning\/","og_locale":"en_US","og_type":"article","og_title":"Nettbutikk med betalingsl\u00f8sning - NETT.PRO","og_description":"Dr\u00f8mmer du om \u00e5 starte nettbutikk? Oppsett av nettbutikk med betalingsl\u00f8sning. For deg som \u00f8nsker \u00e5 selge produkter eller tjenester p\u00e5 nett.","og_url":"https:\/\/nett.pro\/en\/Nettbutikk\/nettbutikk-med-betalinglosning\/","og_site_name":"NETT.PRO","article_modified_time":"2026-01-17T12:42:40+00:00","og_image":[{"width":1280,"height":922,"url":"https:\/\/nett.pro\/wp-content\/uploads\/2021\/02\/img-1.jpeg","type":"image\/jpeg"}],"twitter_card":"summary_large_image","twitter_misc":{"Est. reading time":"3 minutes"},"schema":{"@context":"https:\/\/schema.org","@graph":[{"@type":"WebPage","@id":"https:\/\/nett.pro\/Nettbutikk\/nettbutikk-med-betalinglosning\/","url":"https:\/\/nett.pro\/Nettbutikk\/nettbutikk-med-betalinglosning\/","name":"Nettbutikk med betalingsl\u00f8sning - NETT.PRO","isPartOf":{"@id":"https:\/\/nett.pro\/#website"},"primaryImageOfPage":{"@id":"https:\/\/nett.pro\/Nettbutikk\/nettbutikk-med-betalinglosning\/#primaryimage"},"image":{"@id":"https:\/\/nett.pro\/Nettbutikk\/nettbutikk-med-betalinglosning\/#primaryimage"},"thumbnailUrl":"https:\/\/nett.pro\/wp-content\/uploads\/2021\/02\/img-1.jpeg","datePublished":"2021-02-11T19:15:37+00:00","dateModified":"2026-01-17T12:42:40+00:00","description":"Dr\u00f8mmer du om \u00e5 starte nettbutikk? Oppsett av nettbutikk med betalingsl\u00f8sning. For deg som \u00f8nsker \u00e5 selge produkter eller tjenester p\u00e5 nett.","breadcrumb":{"@id":"https:\/\/nett.pro\/Nettbutikk\/nettbutikk-med-betalinglosning\/#breadcrumb"},"inLanguage":"en-US","potentialAction":[{"@type":"ReadAction","target":["https:\/\/nett.pro\/Nettbutikk\/nettbutikk-med-betalinglosning\/"]}]},{"@type":"ImageObject","inLanguage":"en-US","@id":"https:\/\/nett.pro\/Nettbutikk\/nettbutikk-med-betalinglosning\/#primaryimage","url":"https:\/\/nett.pro\/wp-content\/uploads\/2021\/02\/img-1.jpeg","contentUrl":"https:\/\/nett.pro\/wp-content\/uploads\/2021\/02\/img-1.jpeg","width":1280,"height":922,"caption":"Responsivt design p\u00e5 nettsiden"},{"@type":"BreadcrumbList","@id":"https:\/\/nett.pro\/Nettbutikk\/nettbutikk-med-betalinglosning\/#breadcrumb","itemListElement":[{"@type":"ListItem","position":1,"name":"Velkommen","item":"https:\/\/nett.pro\/"},{"@type":"ListItem","position":2,"name":"Nettbutikk","item":"https:\/\/nett.pro\/nettbutikk\/"},{"@type":"ListItem","position":3,"name":"Nettbutikk med betalingsl\u00f8sning"}]},{"@type":"WebSite","@id":"https:\/\/nett.pro\/#website","url":"https:\/\/nett.pro\/","name":"NETT.PRO","description":"Nettsider til firma og privatpersoner","publisher":{"@id":"https:\/\/nett.pro\/#organization"},"potentialAction":[{"@type":"SearchAction","target":{"@type":"EntryPoint","urlTemplate":"https:\/\/nett.pro\/?s={search_term_string}"},"query-input":{"@type":"PropertyValueSpecification","valueRequired":true,"valueName":"search_term_string"}}],"inLanguage":"en-US"},{"@type":"Organization","@id":"https:\/\/nett.pro\/#organization","name":"NETT.PRO","url":"https:\/\/nett.pro\/","logo":{"@type":"ImageObject","inLanguage":"en-US","@id":"https:\/\/nett.pro\/#\/schema\/logo\/image\/","url":"","contentUrl":"","caption":"NETT.PRO"},"image":{"@id":"https:\/\/nett.pro\/#\/schema\/logo\/image\/"}}]}},"_links":{"self":[{"href":"https:\/\/nett.pro\/en\/wp-json\/wp\/v2\/product\/3193","targetHints":{"allow":["GET"]}}],"collection":[{"href":"https:\/\/nett.pro\/en\/wp-json\/wp\/v2\/product"}],"about":[{"href":"https:\/\/nett.pro\/en\/wp-json\/wp\/v2\/types\/product"}],"replies":[{"embeddable":true,"href":"https:\/\/nett.pro\/en\/wp-json\/wp\/v2\/comments?post=3193"}],"wp:featuredmedia":[{"embeddable":true,"href":"https:\/\/nett.pro\/en\/wp-json\/wp\/v2\/media\/9109"}],"wp:attachment":[{"href":"https:\/\/nett.pro\/en\/wp-json\/wp\/v2\/media?parent=3193"}],"wp:term":[{"taxonomy":"product_brand","embeddable":true,"href":"https:\/\/nett.pro\/en\/wp-json\/wp\/v2\/product_brand?post=3193"},{"taxonomy":"product_cat","embeddable":true,"href":"https:\/\/nett.pro\/en\/wp-json\/wp\/v2\/product_cat?post=3193"},{"taxonomy":"product_tag","embeddable":true,"href":"https:\/\/nett.pro\/en\/wp-json\/wp\/v2\/product_tag?post=3193"}],"curies":[{"name":"wp","href":"https:\/\/api.w.org\/{rel}","templated":true}]}}